{"id":711,"date":"2014-12-22T15:11:28","date_gmt":"2014-12-22T15:11:28","guid":{"rendered":"https:\/\/www.cig.gov.pt\/siic\/?page_id=711"},"modified":"2015-02-22T14:55:20","modified_gmt":"2015-02-22T14:55:20","slug":"campanhas","status":"publish","type":"page","link":"https:\/\/www.cig.gov.pt\/siic\/campanhas\/","title":{"rendered":"Campanhas"},"content":{"rendered":"<p>Com vista \u00e0 promo\u00e7\u00e3o dos valores da cidadania e da igualdade de g\u00e9nero, a CIG promove, regularmente, Campanhas Nacionais, visando atingir p\u00fablicos diversos e distintas problem\u00e1ticas associadas ao contexto da sua interven\u00e7\u00e3o, com especial aten\u00e7\u00e3o \u00e0 preven\u00e7\u00e3o e combate \u00e0 viol\u00eancia dom\u00e9stica e de g\u00e9nero.<\/p>\n<h4>Igualdade de G\u00e9nero<\/h4>\n<ul>\n<li><a href=\"https:\/\/www.cig.gov.pt\/campanhas\/campanha-dislike-bullying-homofobico\/\" target=\"_blank\">Campanha dislike bullying homof\u00f3bico<\/a><\/li>\n<li><a href=\"https:\/\/www.cig.gov.pt\/campanhas\/as-mulheres-fazem-a-democracia-melhor-a-diferenca-faz-a-igualdade\/\" target=\"_blank\">\u201cAs mulheres fazem a democracia melhor. A diferen\u00e7a faz a igualdade\u201d<\/a><\/li>\n<\/ul>\n<h4>Viol\u00eancia Dom\u00e9stica<\/h4>\n<ul>\n<li><a href=\"https:\/\/www.cig.gov.pt\/campanhas\/campanha-contra-a-violencia-no-namoro-quem-te-ama-nao-te-agride\/\">Campanha contra a viol\u00eancia no namoro \u2013 Quem te ama, n\u00e3o te agride!<\/a><\/li>\n<li><a href=\"https:\/\/www.cig.gov.pt\/campanhas\/nunca-e-tarde\/\" target=\"_blank\">\u201cNunca \u00e9 tarde\u201d<\/a><\/li>\n<li><a href=\"https:\/\/www.cig.gov.pt\/campanhas\/campanha-para-a-eliminacao-de-todas-as-formas-de-violencia-contra-as-mulheres\/\" target=\"_blank\">Campanha para a \u201cElimina\u00e7\u00e3o de todas as formas de Viol\u00eancia Contra as Mulheres\u201d<\/a><\/li>\n<li><a href=\"https:\/\/www.cig.gov.pt\/campanhas\/em-vossa-defesa-de-um-murro-na-mesa\/\" target=\"_blank\">\u201cEm vossa defesa, d\u00ea um murro na mesa\u201d<\/a><\/li>\n<li><a href=\"https:\/\/www.cig.gov.pt\/campanhas\/quantas-reconciliacoes-acabaram-assim\/\" target=\"_blank\">\u201cQuantas reconcilia\u00e7\u00f5es acabaram assim?\u201d<\/a><\/li>\n<li><a href=\"https:\/\/www.cig.gov.pt\/campanhas\/quem-comete-o-crime-violencia-domestica-e-punido-denuncie\/\" target=\"_blank\">\u201cQuem comete o crime viol\u00eancia dom\u00e9stica \u00e9 punido. Denuncie\u201d<\/a><\/li>\n<li><a href=\"https:\/\/www.cig.gov.pt\/campanhas\/mostra-o-cartao-vermelho-a-violencia-domestica\/\" target=\"_blank\">Mostra o Cart\u00e3o Vermelho \u00e0 Viol\u00eancia Dom\u00e9stica<\/a><\/li>\n<li><a href=\"https:\/\/www.cig.gov.pt\/campanhas\/campanha-maltrato-zero\/\" target=\"_blank\">Campanha \u201cMaltrato Zero\u201d<\/a><\/li>\n<li><a href=\"https:\/\/www.cig.gov.pt\/campanhas\/namoro-violento-nao-e-amor\/\" target=\"_blank\">Namoro Violento N\u00e3o \u00c9 Amor<\/a><\/li>\n<li><a href=\"https:\/\/www.cig.gov.pt\/campanhas\/stop-a-violencia-domestica-contra-as-mulheres\/\" target=\"_blank\">Stop \u00e0 Viol\u00eancia Dom\u00e9stica Contra as Mulheres<\/a><\/li>\n<li><a href=\"https:\/\/www.cig.gov.pt\/campanhas\/nao-insulte-nao-humilhe-a-violencia-domestica-e-crime-denuncie\/\" target=\"_blank\">\u201cN\u00e3o insulte, n\u00e3o humilhe. A Viol\u00eancia Dom\u00e9stica \u00e9 crime. Denuncie.\u201d<\/a><\/li>\n<li><a href=\"https:\/\/www.cig.gov.pt\/campanhas\/uma-destas-tres-mulheres-e-vitima-de-violencia-domestica\/\" target=\"_blank\">Uma destas tr\u00eas mulheres \u00e9 v\u00edtima de Viol\u00eancia Dom\u00e9stica<\/a><\/li>\n<\/ul>\n<h4>Tr\u00e1fico de Seres Humanos<\/h4>\n<ul>\n<li><a href=\"https:\/\/www.cig.gov.pt\/campanhas\/apanhados-no-trafico-humano\/\" target=\"_blank\">\u201cApanhados no Tr\u00e1fico Humano\u201d<\/a><\/li>\n<li><a href=\"https:\/\/www.cig.gov.pt\/campanhas\/nao-deixe-que-o-trafico-humano-escreva-o-seu-destino\/\" target=\"_blank\">\u201cN\u00e3o deixe que o Tr\u00e1fico Humano escreva o seu destino\u201d<\/a><\/li>\n<li><a href=\"https:\/\/www.cig.gov.pt\/campanhas\/campanha-coracao-azul\/\" target=\"_blank\">Campanha \u201cCora\u00e7\u00e3o Azul\u201d<\/a><\/li>\n<li><a href=\"https:\/\/www.cig.gov.pt\/campanhas\/quero-ser-uma-estrela\/\" target=\"_blank\">\u201cQuero Ser uma Estrela\u201d<\/a><\/li>\n<li><a href=\"https:\/\/www.cig.gov.pt\/campanhas\/trafico-humano-desperte-para-esta-realidade\/\" target=\"_blank\">\u201cTr\u00e1fico Humano- Desperte para esta realidade\u201d<\/a><\/li>\n<\/ul>\n","protected":false},"excerpt":{"rendered":"<p>Com vista \u00e0 promo\u00e7\u00e3o dos valores da cidadania e da igualdade de g\u00e9nero, a CIG promove, regularmente, Campanhas Nacionais, visando atingir p\u00fablicos diversos e distintas problem\u00e1ticas associadas ao contexto da sua interven\u00e7\u00e3o, com especial aten\u00e7\u00e3o \u00e0 preven\u00e7\u00e3o e combate \u00e0 viol\u00eancia dom\u00e9stica e de g\u00e9nero. Igualdade de G\u00e9nero Campanha dislike bullying homof\u00f3bico \u201cAs mulheres fazem [&hellip;]<\/p>\n","protected":false},"author":1,"featured_media":0,"parent":0,"menu_order":0,"comment_status":"closed","ping_status":"closed","template":"","meta":{"_genesis_hide_title":false,"_genesis_hide_breadcrumbs":false,"_genesis_hide_singular_image":false,"_genesis_hide_footer_widgets":false,"_genesis_custom_body_class":"","_genesis_custom_post_class":"","_genesis_layout":""},"_links":{"self":[{"href":"https:\/\/www.cig.gov.pt\/siic\/wp-json\/wp\/v2\/pages\/711"}],"collection":[{"href":"https:\/\/www.cig.gov.pt\/siic\/wp-json\/wp\/v2\/pages"}],"about":[{"href":"https:\/\/www.cig.gov.pt\/siic\/wp-json\/wp\/v2\/types\/page"}],"author":[{"embeddable":true,"href":"https:\/\/www.cig.gov.pt\/siic\/wp-json\/wp\/v2\/users\/1"}],"replies":[{"embeddable":true,"href":"https:\/\/www.cig.gov.pt\/siic\/wp-json\/wp\/v2\/comments?post=711"}],"version-history":[{"count":2,"href":"https:\/\/www.cig.gov.pt\/siic\/wp-json\/wp\/v2\/pages\/711\/revisions"}],"predecessor-version":[{"id":1122,"href":"https:\/\/www.cig.gov.pt\/siic\/wp-json\/wp\/v2\/pages\/711\/revisions\/1122"}],"wp:attachment":[{"href":"https:\/\/www.cig.gov.pt\/siic\/wp-json\/wp\/v2\/media?parent=711"}],"curies":[{"name":"wp","href":"https:\/\/api.w.org\/{rel}","templated":true}]}}