{"id":56,"date":"2021-11-09T10:06:55","date_gmt":"2021-11-09T10:06:55","guid":{"rendered":"https:\/\/www.cig.gov.pt\/pacto-contra-violencia\/?page_id=56"},"modified":"2025-11-19T10:18:43","modified_gmt":"2025-11-19T10:18:43","slug":"o-que-e","status":"publish","type":"page","link":"https:\/\/www.cig.gov.pt\/pacto-contra-violencia\/o-que-e\/","title":{"rendered":"O que \u00e9?"},"content":{"rendered":"<p>[et_pb_section fb_built=&#8221;1&#8243; _builder_version=&#8221;4.13.0&#8243; _module_preset=&#8221;default&#8221; background_color=&#8221;#f9f8f9&#8243; background_enable_image=&#8221;off&#8221; background_size=&#8221;initial&#8221; background_position=&#8221;top_center&#8221; background_repeat=&#8221;repeat-x&#8221; global_colors_info=&#8221;{}&#8221;][et_pb_row column_structure=&#8221;1_2,1_2&#8243; disabled_on=&#8221;off|off|off&#8221; admin_label=&#8221;miolo monitor&#8221; _builder_version=&#8221;4.13.0&#8243; _module_preset=&#8221;default&#8221; global_colors_info=&#8221;{}&#8221;][et_pb_column type=&#8221;1_2&#8243; _builder_version=&#8221;4.13.0&#8243; _module_preset=&#8221;default&#8221; global_colors_info=&#8221;{}&#8221;][et_pb_text _builder_version=&#8221;4.13.0&#8243; _module_preset=&#8221;default&#8221; header_2_font=&#8221;Montserrat||||||||&#8221; header_2_text_color=&#8221;#965ec7&#8243; header_2_font_size=&#8221;32px&#8221; global_colors_info=&#8221;{}&#8221;]<\/p>\n<h2>O que \u00e9 o Pacto?<\/h2>\n<p>[\/et_pb_text][et_pb_text _builder_version=&#8221;4.13.0&#8243; _module_preset=&#8221;default&#8221; text_font=&#8221;Montserrat||||||||&#8221; text_text_color=&#8221;rgba(0,0,0,0.8)&#8221; text_orientation=&#8221;justified&#8221; global_colors_info=&#8221;{}&#8221;]<\/p>\n<p>O Pacto Contra a Viol\u00eancia \u00e9 uma iniciativa que refor\u00e7a o compromisso coletivo na preven\u00e7\u00e3o e combate \u00e0 viol\u00eancia contra as mulheres, \u00e0 viol\u00eancia dom\u00e9stica e ao tr\u00e1fico de seres humanos. Estas formas de viol\u00eancia s\u00e3o reconhecidas internacionalmente como graves viola\u00e7\u00f5es dos direitos humanos e constituem obst\u00e1culos \u00e0 igualdade de g\u00e9nero, ao desenvolvimento sustent\u00e1vel e \u00e0 coes\u00e3o social. O Pacto enquadra-se nos objetivos da Estrat\u00e9gia Nacional para a Igualdade e a N\u00e3o Discrimina\u00e7\u00e3o 2018-2030 \u2013 \u00abPortugal + Igual\u00bb, mais concretamente no Plano de a\u00e7\u00e3o para a preven\u00e7\u00e3o e o combate \u00e0 viol\u00eancia contra as mulheres e \u00e0 viol\u00eancia dom\u00e9stica, e no V Plano de a\u00e7\u00e3o para a preven\u00e7\u00e3o e o combate ao tr\u00e1fico de seres humanos, alinhando-se assim com planos nacionais e compromissos internacionais assumidos pelo Estado Portugu\u00eas.<\/p>\n<p>A viol\u00eancia dom\u00e9stica \u00e9 um crime p\u00fablico que abrange diversas tipologias e potenciais v\u00edtimas, desde logo a viol\u00eancia nas rela\u00e7\u00f5es de intimidade e viol\u00eancia no namoro, mas tamb\u00e9m situa\u00e7\u00f5es de viol\u00eancia contra outras v\u00edtimas, nomeadamente crian\u00e7as, pessoas idosas e v\u00edtimas de viol\u00eancia filio-parental.<\/p>\n<p>[\/et_pb_text][\/et_pb_column][et_pb_column type=&#8221;1_2&#8243; _builder_version=&#8221;4.13.0&#8243; _module_preset=&#8221;default&#8221; global_colors_info=&#8221;{}&#8221;][et_pb_text _builder_version=&#8221;4.13.0&#8243; _module_preset=&#8221;default&#8221; text_font=&#8221;Montserrat||||||||&#8221; text_text_color=&#8221;rgba(0,0,0,0.8)&#8221; header_2_font=&#8221;Montserrat||||||||&#8221; header_2_text_color=&#8221;#965ec7&#8243; header_2_font_size=&#8221;24px&#8221; text_orientation=&#8221;justified&#8221; global_colors_info=&#8221;{}&#8221;]<\/p>\n<p style=\"text-align: justify;\">Tem impactos profundos nas v\u00edtimas, fam\u00edlias, comunidades e organiza\u00e7\u00f5es, afetando tamb\u00e9m o contexto laboral e a produtividade. Por isso, as empresas e organiza\u00e7\u00f5es desempenham um papel essencial na preven\u00e7\u00e3o e no apoio \u00e0s v\u00edtimas, atrav\u00e9s da implementa\u00e7\u00e3o de pol\u00edticas e pr\u00e1ticas que promovem ambientes seguros e livres de viol\u00eancia. Esta atua\u00e7\u00e3o traduz-se em responsabilidade social, sustentabilidade e vantagem competitiva, demonstrando uma clara mensagem de intoler\u00e2ncia \u00e0 viol\u00eancia.<\/p>\n<p style=\"text-align: justify;\">O Pacto reconhece ainda a import\u00e2ncia da coopera\u00e7\u00e3o entre entidades p\u00fablicas, privadas e da sociedade civil para criar solu\u00e7\u00f5es eficazes de preven\u00e7\u00e3o e apoio. O objetivo do Pacto \u00e9 potenciar, dar visibilidade e reconhecer este processo de colabora\u00e7\u00e3o, no quadro das din\u00e2micas de responsabilidade social das organiza\u00e7\u00f5es, promovendo um trabalho mais estreito e sistem\u00e1tico das entidades na promo\u00e7\u00e3o de pr\u00e1ticas internas que contribuam para a preven\u00e7\u00e3o e combate \u00e0 viol\u00eancia dom\u00e9stica, com base, por exemplo, no <a href=\"https:\/\/www.cig.gov.pt\/2019\/11\/disponivel-online-guiao-boas-praticas-prevencao-combate-violencia-domestica-genero-nas-empresas\/\" target=\"_blank\" rel=\"noopener\">Gui\u00e3o de Boas Pr\u00e1ticas: Preven\u00e7\u00e3o e Combate \u00e0 Viol\u00eancia Contra as Mulheres e \u00e0 Viol\u00eancia Dom\u00e9stica nas Entidades Empregadoras (CIG, 2019)<\/a>.<\/p>\n<p style=\"text-align: justify;\">A ades\u00e3o ao Pacto \u00e9 um compromisso estrat\u00e9gico que valoriza a dignidade humana, promove a igualdade e contribui para uma sociedade mais justa e segura, onde todas as pessoas possam viver sem medo e com respeito pelos seus direitos fundamentais.<\/p>\n<p>[\/et_pb_text][\/et_pb_column][\/et_pb_row][et_pb_row _builder_version=&#8221;4.13.0&#8243; _module_preset=&#8221;default&#8221;][et_pb_column _builder_version=&#8221;4.13.0&#8243; _module_preset=&#8221;default&#8221; type=&#8221;4_4&#8243;][et_pb_button button_text=&#8221;Hist\u00f3rico&#8221; _builder_version=&#8221;4.13.0&#8243; _module_preset=&#8221;default&#8221; button_url=&#8221;https:\/\/www.cig.gov.pt\/pacto-contra-violencia\/historico\/&#8221; hover_enabled=&#8221;0&#8243; sticky_enabled=&#8221;0&#8243;][\/et_pb_button][\/et_pb_column][\/et_pb_row][\/et_pb_section][et_pb_section fb_built=&#8221;1&#8243; admin_label=&#8221;barra preta&#8221; _builder_version=&#8221;4.13.0&#8243; _module_preset=&#8221;default&#8221; background_color=&#8221;#000000&#8243; custom_padding=&#8221;12px||8px|||&#8221; locked=&#8221;off&#8221; global_colors_info=&#8221;{}&#8221;][et_pb_row column_structure=&#8221;1_4,1_4,1_4,1_4&#8243; use_custom_gutter=&#8221;on&#8221; gutter_width=&#8221;1&#8243; _builder_version=&#8221;4.13.0&#8243; _module_preset=&#8221;default&#8221; background_color=&#8221;#000000&#8243; custom_padding=&#8221;||9px|||&#8221; locked=&#8221;off&#8221; global_colors_info=&#8221;{}&#8221;][et_pb_column type=&#8221;1_4&#8243; _builder_version=&#8221;4.13.0&#8243; _module_preset=&#8221;default&#8221; global_colors_info=&#8221;{}&#8221;][et_pb_blurb title=&#8221;com o apoio de:&#8221; url=&#8221;https:\/\/www.dns.pt\/pt\/&#8221; url_new_window=&#8221;on&#8221; image=&#8221;https:\/\/www.cig.gov.pt\/pacto-contra-violencia\/wp-content\/uploads\/2021\/11\/ptfooter2.png&#8221; alt=&#8221;.pt&#8221; icon_placement=&#8221;left&#8221; image_icon_width=&#8221;180%&#8221; _builder_version=&#8221;4.13.0&#8243; _module_preset=&#8221;default&#8221; header_font=&#8221;Montserrat||||||||&#8221; header_text_color=&#8221;#0dbbe2&#8243; header_font_size=&#8221;10px&#8221; image_icon_custom_margin=&#8221;-22px|-160px|||false|false&#8221; image_icon_custom_padding=&#8221;||||false|false&#8221; custom_margin=&#8221;8px|||-46px|false|false&#8221; custom_padding=&#8221;||||false|false&#8221; global_colors_info=&#8221;{}&#8221;][\/et_pb_blurb][\/et_pb_column][et_pb_column type=&#8221;1_4&#8243; _builder_version=&#8221;4.13.0&#8243; _module_preset=&#8221;default&#8221; global_colors_info=&#8221;{}&#8221;][\/et_pb_column][et_pb_column type=&#8221;1_4&#8243; _builder_version=&#8221;4.13.0&#8243; _module_preset=&#8221;default&#8221; global_colors_info=&#8221;{}&#8221;][et_pb_text _builder_version=&#8221;4.13.0&#8243; _module_preset=&#8221;default&#8221; text_font=&#8221;Montserrat||||||||&#8221; text_text_color=&#8221;#FFFFFF&#8221; text_font_size=&#8221;9px&#8221; text_orientation=&#8221;right&#8221; global_colors_info=&#8221;{}&#8221;]<\/p>\n<p>\u00a9 Copyright 2021 &#8211; Todos os direitos reservados<\/p>\n<p>[\/et_pb_text][\/et_pb_column][et_pb_column type=&#8221;1_4&#8243; _builder_version=&#8221;4.13.0&#8243; _module_preset=&#8221;default&#8221; global_colors_info=&#8221;{}&#8221;][et_pb_text _builder_version=&#8221;4.13.0&#8243; _module_preset=&#8221;default&#8221; custom_margin=&#8221;-10px||||false|false&#8221; custom_padding=&#8221;||||false|false&#8221; global_colors_info=&#8221;{}&#8221;]<\/p>\n<p style=\"text-align: center;\"><a href=\"https:\/\/www.facebook.com\/comissaoparaacidadaniaeigualdadedegenero\/\" target=\"_blank\" rel=\"noopener\"><img loading=\"lazy\" src=\"https:\/\/www.cig.gov.pt\/pacto-contra-violencia\/wp-content\/uploads\/2021\/11\/si1.png\" width=\"40\" height=\"40\" alt=\"Facebook\" class=\"wp-image-288 alignnone size-full\" \/><\/a><a href=\"https:\/\/twitter.com\/cig_portugal\" target=\"_blank\" rel=\"noopener\"><img loading=\"lazy\" src=\"https:\/\/www.cig.gov.pt\/pacto-contra-violencia\/wp-content\/uploads\/2021\/11\/si2.png\" width=\"40\" height=\"40\" alt=\"twitter\" class=\"wp-image-289 alignnone size-full\" \/><\/a><a href=\"https:\/\/www.instagram.com\/cig_igualdade\/\" target=\"_blank\" rel=\"noopener\"><img loading=\"lazy\" src=\"https:\/\/www.cig.gov.pt\/pacto-contra-violencia\/wp-content\/uploads\/2021\/11\/si3.png\" width=\"40\" height=\"40\" alt=\"Instagram\" class=\"wp-image-290 alignnone size-full\" \/><\/a><a href=\"https:\/\/www.youtube.com\/channel\/UCnb21FsPgr_9aHdYv9yy74Q\" target=\"_blank\" rel=\"noopener\"><img loading=\"lazy\" src=\"https:\/\/www.cig.gov.pt\/pacto-contra-violencia\/wp-content\/uploads\/2021\/11\/si4.png\" width=\"40\" height=\"40\" alt=\"YouTube\" class=\"wp-image-291 alignnone size-full\" \/><\/a><\/p>\n<p>[\/et_pb_text][\/et_pb_column][\/et_pb_row][\/et_pb_section][et_pb_section fb_built=&#8221;1&#8243; admin_label=&#8221;dois logos fundo branco&#8221; _builder_version=&#8221;4.13.0&#8243; _module_preset=&#8221;default&#8221; custom_padding=&#8221;6px||7px|||&#8221; locked=&#8221;off&#8221; global_colors_info=&#8221;{}&#8221;][et_pb_row _builder_version=&#8221;4.13.0&#8243; _module_preset=&#8221;default&#8221; custom_padding=&#8221;7px||9px|||&#8221; global_colors_info=&#8221;{}&#8221;][et_pb_column type=&#8221;4_4&#8243; _builder_version=&#8221;4.13.0&#8243; _module_preset=&#8221;default&#8221; global_colors_info=&#8221;{}&#8221;][et_pb_image src=&#8221;https:\/\/www.cig.gov.pt\/pacto-contra-violencia\/wp-content\/uploads\/2025\/11\/cecimvdR.png&#8221; alt=&#8221;CIG&#8221; title_text=&#8221;CIG&#8221; align=&#8221;center&#8221; _builder_version=&#8221;4.13.0&#8243; _module_preset=&#8221;default&#8221; global_colors_info=&#8221;{}&#8221;][\/et_pb_image][\/et_pb_column][\/et_pb_row][\/et_pb_section]<\/p>\n","protected":false},"excerpt":{"rendered":"<p>O que \u00e9 o Pacto?O Pacto Contra a Viol\u00eancia \u00e9 uma iniciativa que refor\u00e7a o compromisso coletivo na preven\u00e7\u00e3o e combate \u00e0 viol\u00eancia contra as mulheres, \u00e0 viol\u00eancia dom\u00e9stica e ao tr\u00e1fico de seres humanos. Estas formas de viol\u00eancia s\u00e3o reconhecidas internacionalmente como graves viola\u00e7\u00f5es dos direitos humanos e constituem obst\u00e1culos \u00e0 igualdade de g\u00e9nero, [&hellip;]<\/p>\n","protected":false},"author":1,"featured_media":54,"parent":0,"menu_order":0,"comment_status":"closed","ping_status":"closed","template":"","meta":{"_et_pb_use_builder":"on","_et_pb_old_content":"","_et_gb_content_width":""},"yoast_head":"<!-- This site is optimized with the Yoast SEO plugin v17.5 - https:\/\/yoast.com\/wordpress\/plugins\/seo\/ -->\n<title>O que \u00e9? - Pacto Contra a Viol\u00eancia<\/title>\n<meta name=\"robots\" content=\"index, follow, max-snippet:-1, max-image-preview:large, max-video-preview:-1\" \/>\n<link rel=\"canonical\" href=\"https:\/\/www.cig.gov.pt\/pacto-contra-violencia\/o-que-e\/\" \/>\n<meta property=\"og:locale\" content=\"pt_PT\" \/>\n<meta property=\"og:type\" content=\"article\" \/>\n<meta property=\"og:title\" content=\"O que \u00e9? - Pacto Contra a Viol\u00eancia\" \/>\n<meta property=\"og:description\" content=\"O que \u00e9 o Pacto?O Pacto Contra a Viol\u00eancia \u00e9 uma iniciativa que refor\u00e7a o compromisso coletivo na preven\u00e7\u00e3o e combate \u00e0 viol\u00eancia contra as mulheres, \u00e0 viol\u00eancia dom\u00e9stica e ao tr\u00e1fico de seres humanos. Estas formas de viol\u00eancia s\u00e3o reconhecidas internacionalmente como graves viola\u00e7\u00f5es dos direitos humanos e constituem obst\u00e1culos \u00e0 igualdade de g\u00e9nero, [&hellip;]\" \/>\n<meta property=\"og:url\" content=\"https:\/\/www.cig.gov.pt\/pacto-contra-violencia\/o-que-e\/\" \/>\n<meta property=\"og:site_name\" content=\"Pacto Contra a Viol\u00eancia\" \/>\n<meta property=\"article:modified_time\" content=\"2025-11-19T10:18:43+00:00\" \/>\n<meta property=\"og:image\" content=\"https:\/\/www.cig.gov.pt\/pacto-contra-violencia\/wp-content\/uploads\/2021\/11\/PactoFeatured.png\" \/>\n\t<meta property=\"og:image:width\" content=\"1200\" \/>\n\t<meta property=\"og:image:height\" content=\"614\" \/>\n<meta name=\"twitter:card\" content=\"summary_large_image\" \/>\n<meta name=\"twitter:image\" content=\"https:\/\/www.cig.gov.pt\/pacto-contra-violencia\/wp-content\/uploads\/2021\/11\/PactoFeatured.png\" \/>\n<meta name=\"twitter:label1\" content=\"Est. reading time\" \/>\n\t<meta name=\"twitter:data1\" content=\"5 minutos\" \/>\n<script type=\"application\/ld+json\" class=\"yoast-schema-graph\">{\"@context\":\"https:\/\/schema.org\",\"@graph\":[{\"@type\":\"WebSite\",\"@id\":\"https:\/\/www.cig.gov.pt\/pacto-contra-violencia\/#website\",\"url\":\"https:\/\/www.cig.gov.pt\/pacto-contra-violencia\/\",\"name\":\"Pacto Contra a Viol\\u00eancia\",\"description\":\"\",\"potentialAction\":[{\"@type\":\"SearchAction\",\"target\":{\"@type\":\"EntryPoint\",\"urlTemplate\":\"https:\/\/www.cig.gov.pt\/pacto-contra-violencia\/?s={search_term_string}\"},\"query-input\":\"required name=search_term_string\"}],\"inLanguage\":\"pt-PT\"},{\"@type\":\"ImageObject\",\"@id\":\"https:\/\/www.cig.gov.pt\/pacto-contra-violencia\/o-que-e\/#primaryimage\",\"inLanguage\":\"pt-PT\",\"url\":\"https:\/\/www.cig.gov.pt\/pacto-contra-violencia\/wp-content\/uploads\/2021\/11\/PactoFeatured.png\",\"contentUrl\":\"https:\/\/www.cig.gov.pt\/pacto-contra-violencia\/wp-content\/uploads\/2021\/11\/PactoFeatured.png\",\"width\":1200,\"height\":614,\"caption\":\"Pacto Contra a Viol\\u00eancia\"},{\"@type\":\"WebPage\",\"@id\":\"https:\/\/www.cig.gov.pt\/pacto-contra-violencia\/o-que-e\/#webpage\",\"url\":\"https:\/\/www.cig.gov.pt\/pacto-contra-violencia\/o-que-e\/\",\"name\":\"O que \\u00e9? - Pacto Contra a Viol\\u00eancia\",\"isPartOf\":{\"@id\":\"https:\/\/www.cig.gov.pt\/pacto-contra-violencia\/#website\"},\"primaryImageOfPage\":{\"@id\":\"https:\/\/www.cig.gov.pt\/pacto-contra-violencia\/o-que-e\/#primaryimage\"},\"datePublished\":\"2021-11-09T10:06:55+00:00\",\"dateModified\":\"2025-11-19T10:18:43+00:00\",\"breadcrumb\":{\"@id\":\"https:\/\/www.cig.gov.pt\/pacto-contra-violencia\/o-que-e\/#breadcrumb\"},\"inLanguage\":\"pt-PT\",\"potentialAction\":[{\"@type\":\"ReadAction\",\"target\":[\"https:\/\/www.cig.gov.pt\/pacto-contra-violencia\/o-que-e\/\"]}]},{\"@type\":\"BreadcrumbList\",\"@id\":\"https:\/\/www.cig.gov.pt\/pacto-contra-violencia\/o-que-e\/#breadcrumb\",\"itemListElement\":[{\"@type\":\"ListItem\",\"position\":1,\"name\":\"Home\",\"item\":\"https:\/\/www.cig.gov.pt\/pacto-contra-violencia\/\"},{\"@type\":\"ListItem\",\"position\":2,\"name\":\"O que \\u00e9?\"}]}]}<\/script>\n<!-- \/ Yoast SEO plugin. -->","yoast_head_json":{"title":"O que \u00e9? - Pacto Contra a Viol\u00eancia","robots":{"index":"index","follow":"follow","max-snippet":"max-snippet:-1","max-image-preview":"max-image-preview:large","max-video-preview":"max-video-preview:-1"},"canonical":"https:\/\/www.cig.gov.pt\/pacto-contra-violencia\/o-que-e\/","og_locale":"pt_PT","og_type":"article","og_title":"O que \u00e9? - Pacto Contra a Viol\u00eancia","og_description":"O que \u00e9 o Pacto?O Pacto Contra a Viol\u00eancia \u00e9 uma iniciativa que refor\u00e7a o compromisso coletivo na preven\u00e7\u00e3o e combate \u00e0 viol\u00eancia contra as mulheres, \u00e0 viol\u00eancia dom\u00e9stica e ao tr\u00e1fico de seres humanos. Estas formas de viol\u00eancia s\u00e3o reconhecidas internacionalmente como graves viola\u00e7\u00f5es dos direitos humanos e constituem obst\u00e1culos \u00e0 igualdade de g\u00e9nero, [&hellip;]","og_url":"https:\/\/www.cig.gov.pt\/pacto-contra-violencia\/o-que-e\/","og_site_name":"Pacto Contra a Viol\u00eancia","article_modified_time":"2025-11-19T10:18:43+00:00","og_image":[{"width":1200,"height":614,"url":"https:\/\/www.cig.gov.pt\/pacto-contra-violencia\/wp-content\/uploads\/2021\/11\/PactoFeatured.png","type":"image\/png"}],"twitter_card":"summary_large_image","twitter_image":"https:\/\/www.cig.gov.pt\/pacto-contra-violencia\/wp-content\/uploads\/2021\/11\/PactoFeatured.png","twitter_misc":{"Est. reading time":"5 minutos"},"schema":{"@context":"https:\/\/schema.org","@graph":[{"@type":"WebSite","@id":"https:\/\/www.cig.gov.pt\/pacto-contra-violencia\/#website","url":"https:\/\/www.cig.gov.pt\/pacto-contra-violencia\/","name":"Pacto Contra a Viol\u00eancia","description":"","potentialAction":[{"@type":"SearchAction","target":{"@type":"EntryPoint","urlTemplate":"https:\/\/www.cig.gov.pt\/pacto-contra-violencia\/?s={search_term_string}"},"query-input":"required name=search_term_string"}],"inLanguage":"pt-PT"},{"@type":"ImageObject","@id":"https:\/\/www.cig.gov.pt\/pacto-contra-violencia\/o-que-e\/#primaryimage","inLanguage":"pt-PT","url":"https:\/\/www.cig.gov.pt\/pacto-contra-violencia\/wp-content\/uploads\/2021\/11\/PactoFeatured.png","contentUrl":"https:\/\/www.cig.gov.pt\/pacto-contra-violencia\/wp-content\/uploads\/2021\/11\/PactoFeatured.png","width":1200,"height":614,"caption":"Pacto Contra a Viol\u00eancia"},{"@type":"WebPage","@id":"https:\/\/www.cig.gov.pt\/pacto-contra-violencia\/o-que-e\/#webpage","url":"https:\/\/www.cig.gov.pt\/pacto-contra-violencia\/o-que-e\/","name":"O que \u00e9? - Pacto Contra a Viol\u00eancia","isPartOf":{"@id":"https:\/\/www.cig.gov.pt\/pacto-contra-violencia\/#website"},"primaryImageOfPage":{"@id":"https:\/\/www.cig.gov.pt\/pacto-contra-violencia\/o-que-e\/#primaryimage"},"datePublished":"2021-11-09T10:06:55+00:00","dateModified":"2025-11-19T10:18:43+00:00","breadcrumb":{"@id":"https:\/\/www.cig.gov.pt\/pacto-contra-violencia\/o-que-e\/#breadcrumb"},"inLanguage":"pt-PT","potentialAction":[{"@type":"ReadAction","target":["https:\/\/www.cig.gov.pt\/pacto-contra-violencia\/o-que-e\/"]}]},{"@type":"BreadcrumbList","@id":"https:\/\/www.cig.gov.pt\/pacto-contra-violencia\/o-que-e\/#breadcrumb","itemListElement":[{"@type":"ListItem","position":1,"name":"Home","item":"https:\/\/www.cig.gov.pt\/pacto-contra-violencia\/"},{"@type":"ListItem","position":2,"name":"O que \u00e9?"}]}]}},"_links":{"self":[{"href":"https:\/\/www.cig.gov.pt\/pacto-contra-violencia\/wp-json\/wp\/v2\/pages\/56"}],"collection":[{"href":"https:\/\/www.cig.gov.pt\/pacto-contra-violencia\/wp-json\/wp\/v2\/pages"}],"about":[{"href":"https:\/\/www.cig.gov.pt\/pacto-contra-violencia\/wp-json\/wp\/v2\/types\/page"}],"author":[{"embeddable":true,"href":"https:\/\/www.cig.gov.pt\/pacto-contra-violencia\/wp-json\/wp\/v2\/users\/1"}],"replies":[{"embeddable":true,"href":"https:\/\/www.cig.gov.pt\/pacto-contra-violencia\/wp-json\/wp\/v2\/comments?post=56"}],"version-history":[{"count":32,"href":"https:\/\/www.cig.gov.pt\/pacto-contra-violencia\/wp-json\/wp\/v2\/pages\/56\/revisions"}],"predecessor-version":[{"id":921,"href":"https:\/\/www.cig.gov.pt\/pacto-contra-violencia\/wp-json\/wp\/v2\/pages\/56\/revisions\/921"}],"wp:featuredmedia":[{"embeddable":true,"href":"https:\/\/www.cig.gov.pt\/pacto-contra-violencia\/wp-json\/wp\/v2\/media\/54"}],"wp:attachment":[{"href":"https:\/\/www.cig.gov.pt\/pacto-contra-violencia\/wp-json\/wp\/v2\/media?parent=56"}],"curies":[{"name":"wp","href":"https:\/\/api.w.org\/{rel}","templated":true}]}}