{"id":3971,"date":"2023-12-21T15:17:02","date_gmt":"2023-12-21T15:17:02","guid":{"rendered":"https:\/\/www.cig.gov.pt\/iniciativas-nacionais\/?page_id=3971"},"modified":"2023-12-21T15:21:30","modified_gmt":"2023-12-21T15:21:30","slug":"iii-forum-nacional-contra-a-violencia-domestica-fotografias","status":"publish","type":"page","link":"https:\/\/www.cig.gov.pt\/iniciativas-nacionais\/iii-forum-nacional-contra-a-violencia-domestica-fotografias\/","title":{"rendered":"III F\u00f3rum Nacional Contra a Viol\u00eancia Dom\u00e9stica &#8211; Fotografias"},"content":{"rendered":"<p>[et_pb_section fb_built=&#8221;1&#8243; _builder_version=&#8221;4.13.0&#8243; _module_preset=&#8221;default&#8221; background_color=&#8221;#FFFFFF&#8221; custom_margin=&#8221;0px||0px||false|false&#8221; custom_padding=&#8221;0px||0px||false|false&#8221; global_colors_info=&#8221;{}&#8221;][et_pb_row _builder_version=&#8221;4.13.0&#8243; _module_preset=&#8221;default&#8221; custom_margin=&#8221;0px||0px||false|false&#8221; custom_padding=&#8221;0px||0px||false|false&#8221; global_colors_info=&#8221;{}&#8221;][et_pb_column type=&#8221;4_4&#8243; _builder_version=&#8221;4.13.0&#8243; _module_preset=&#8221;default&#8221; global_colors_info=&#8221;{}&#8221;][et_pb_image src=&#8221;https:\/\/www.cig.gov.pt\/iniciativas-nacionais\/wp-content\/uploads\/2023\/10\/HeaderIIIforumv.png&#8221; alt=&#8221;III F\u00f3rum Nacional Contra a Viol\u00eancia Dom\u00e9stica&#8221; title_text=&#8221;III F\u00f3rum Nacional Contra a Viol\u00eancia Dom\u00e9stica&#8221; align=&#8221;center&#8221; _builder_version=&#8221;4.13.0&#8243; _module_preset=&#8221;default&#8221; global_colors_info=&#8221;{}&#8221;][\/et_pb_image][\/et_pb_column][\/et_pb_row][\/et_pb_section][et_pb_section fb_built=&#8221;1&#8243; _builder_version=&#8221;4.13.0&#8243; _module_preset=&#8221;default&#8221; background_color=&#8221;#FFFFFF&#8221; custom_margin=&#8221;0px||0px||false|false&#8221; custom_padding=&#8221;0px||0px||false|false&#8221; locked=&#8221;off&#8221; global_colors_info=&#8221;{}&#8221;][et_pb_row _builder_version=&#8221;4.13.0&#8243; _module_preset=&#8221;default&#8221; custom_margin=&#8221;18px||8px||false|false&#8221; custom_padding=&#8221;4px||4px||false|false&#8221; global_colors_info=&#8221;{}&#8221;][et_pb_column type=&#8221;4_4&#8243; _builder_version=&#8221;4.13.0&#8243; _module_preset=&#8221;default&#8221; global_colors_info=&#8221;{}&#8221;][et_pb_text _builder_version=&#8221;4.13.0&#8243; _module_preset=&#8221;default&#8221; header_3_font=&#8221;Montserrat|800|||||||&#8221; header_3_text_align=&#8221;center&#8221; header_3_font_size=&#8221;21px&#8221; header_3_line_height=&#8221;2em&#8221; hover_enabled=&#8221;0&#8243; global_colors_info=&#8221;{}&#8221; sticky_enabled=&#8221;0&#8243;]<\/p>\n<h3><a href=\"https:\/\/www.cig.gov.pt\/iniciativas-nacionais\/iii-forum-nacional-contra-a-violencia-domestica\/#sobre\">O F\u00d3RUM<\/a>\u00a0 \u00a0 <a href=\"https:\/\/www.cig.gov.pt\/iniciativas-nacionais\/iii-forum-nacional-contra-a-violencia-domestica-intervenientes\/#intervenientes\">INTERVENIENTES<\/a>\u00a0 \u00a0 <a href=\"https:\/\/www.cig.gov.pt\/iniciativas-nacionais\/iii-forum-nacional-contra-a-violencia-domestica-fotografias\/#Fotografias\">FOTOGRAFIAS<\/a>\u00a0 \u00a0 <a href=\"https:\/\/www.cig.gov.pt\/iniciativas-nacionais\/iii-forum-nacional-contra-a-violencia-domestica-testemunhos\/#Testemunhos\">TESTEMUNHOS<\/a><\/h3>\n<p>[\/et_pb_text][\/et_pb_column][\/et_pb_row][\/et_pb_section][et_pb_section fb_built=&#8221;1&#8243; _builder_version=&#8221;4.13.0&#8243; _module_preset=&#8221;default&#8221; background_color=&#8221;rgba(0,0,0,0.04)&#8221; global_colors_info=&#8221;{}&#8221;][et_pb_row module_id=&#8221;direto&#8221; _builder_version=&#8221;4.13.0&#8243; _module_preset=&#8221;default&#8221; custom_margin=&#8221;||0px||false|false&#8221; custom_padding=&#8221;||0px||false|false&#8221; locked=&#8221;off&#8221; global_colors_info=&#8221;{}&#8221;][et_pb_column type=&#8221;4_4&#8243; _builder_version=&#8221;4.13.0&#8243; _module_preset=&#8221;default&#8221; global_colors_info=&#8221;{}&#8221;][et_pb_text admin_label=&#8221;Fotografias&#8221; module_id=&#8221;Fotografias&#8221; module_class=&#8221;Fotografias&#8221; _builder_version=&#8221;4.13.0&#8243; _module_preset=&#8221;default&#8221; header_3_font=&#8221;Montserrat|800|||||||&#8221; header_3_text_color=&#8221;#cf0b23&#8243; header_3_font_size=&#8221;38px&#8221; module_alignment=&#8221;left&#8221; header_3_font_size_tablet=&#8221;36px&#8221; header_3_font_size_phone=&#8221;28px&#8221; header_3_font_size_last_edited=&#8221;on|phone&#8221; locked=&#8221;off&#8221; global_colors_info=&#8221;{}&#8221;]<\/p>\n<h3>Fotografias<\/h3>\n<p>[\/et_pb_text][et_pb_gallery gallery_ids=&#8221;3852,3853,3854,3855,3856,3857,3858,3859,3860,3861,3862,3863,3864,3865,3866,3867,3868,3869,3870,3871,3872,3873,3874,3875,3876,3877,3878,3879,3880,3881,3882,3883,3884,3885,3886,3887,3888,3889,3890,3891,3892,3893,3894,3895,3896,3897&#8243; gallery_orderby=&#8221;rand&#8221; posts_number=&#8221;90&#8243; show_title_and_caption=&#8221;off&#8221; zoom_icon_color=&#8221;#FFFFFF&#8221; hover_overlay_color=&#8221;rgba(0,0,0,0.39)&#8221; hover_icon=&#8221;&#x54;||divi||400&#8243; _builder_version=&#8221;4.13.0&#8243; _module_preset=&#8221;default&#8221; global_colors_info=&#8221;{}&#8221;][\/et_pb_gallery][\/et_pb_column][\/et_pb_row][\/et_pb_section][et_pb_section fb_built=&#8221;1&#8243; _builder_version=&#8221;4.13.0&#8243; _module_preset=&#8221;default&#8221; background_color=&#8221;#FFFFFF&#8221; custom_margin=&#8221;0px||0px||false|false&#8221; custom_padding=&#8221;0px||0px||false|false&#8221; locked=&#8221;off&#8221; global_colors_info=&#8221;{}&#8221;][et_pb_row _builder_version=&#8221;4.13.0&#8243; _module_preset=&#8221;default&#8221; custom_margin=&#8221;4px||4px||false|false&#8221; custom_padding=&#8221;4px||4px||false|false&#8221; global_colors_info=&#8221;{}&#8221;][et_pb_column type=&#8221;4_4&#8243; _builder_version=&#8221;4.13.0&#8243; _module_preset=&#8221;default&#8221; global_colors_info=&#8221;{}&#8221;][et_pb_image src=&#8221;https:\/\/www.cig.gov.pt\/iniciativas-nacionais\/wp-content\/uploads\/2023\/10\/comblogos.png&#8221; alt=&#8221;III F\u00f3rum Nacional Contra a Viol\u00eancia Dom\u00e9stica&#8221; title_text=&#8221;III F\u00f3rum Nacional Contra a Viol\u00eancia Dom\u00e9stica&#8221; align=&#8221;center&#8221; _builder_version=&#8221;4.13.0&#8243; _module_preset=&#8221;default&#8221; global_colors_info=&#8221;{}&#8221;][\/et_pb_image][\/et_pb_column][\/et_pb_row][\/et_pb_section]<\/p>\n","protected":false},"excerpt":{"rendered":"<p>O F\u00d3RUM\u00a0 \u00a0 INTERVENIENTES\u00a0 \u00a0 FOTOGRAFIAS\u00a0 \u00a0 TESTEMUNHOSFotografias<\/p>\n","protected":false},"author":1,"featured_media":3442,"parent":0,"menu_order":0,"comment_status":"closed","ping_status":"closed","template":"page-template-blank.php","meta":{"_et_pb_use_builder":"on","_et_pb_old_content":"","_et_gb_content_width":""},"yoast_head":"<!-- This site is optimized with the Yoast SEO plugin v17.5 - https:\/\/yoast.com\/wordpress\/plugins\/seo\/ -->\n<title>III F\u00f3rum Nacional Contra a Viol\u00eancia Dom\u00e9stica - Fotografias - Iniciativas Nacionais<\/title>\n<meta name=\"robots\" content=\"index, follow, max-snippet:-1, max-image-preview:large, max-video-preview:-1\" \/>\n<link rel=\"canonical\" href=\"https:\/\/www.cig.gov.pt\/iniciativas-nacionais\/iii-forum-nacional-contra-a-violencia-domestica-fotografias\/\" \/>\n<meta property=\"og:locale\" content=\"pt_PT\" \/>\n<meta property=\"og:type\" content=\"article\" \/>\n<meta property=\"og:title\" content=\"III F\u00f3rum Nacional Contra a Viol\u00eancia Dom\u00e9stica\" \/>\n<meta property=\"og:description\" content=\"O F\u00d3RUM\u00a0 \u00a0 INTERVENIENTES\u00a0 \u00a0 FOTOGRAFIAS\u00a0 \u00a0 TESTEMUNHOSFotografias\" \/>\n<meta property=\"og:url\" content=\"https:\/\/www.cig.gov.pt\/iniciativas-nacionais\/iii-forum-nacional-contra-a-violencia-domestica-fotografias\/\" \/>\n<meta property=\"og:site_name\" content=\"Iniciativas Nacionais\" \/>\n<meta property=\"article:modified_time\" content=\"2023-12-21T15:21:30+00:00\" \/>\n<meta property=\"og:image\" content=\"https:\/\/www.cig.gov.pt\/iniciativas-nacionais\/wp-content\/uploads\/2023\/10\/IIIForumViolFB.jpg\" \/>\n\t<meta property=\"og:image:width\" content=\"1200\" \/>\n\t<meta property=\"og:image:height\" content=\"630\" \/>\n<meta name=\"twitter:card\" content=\"summary_large_image\" \/>\n<meta name=\"twitter:title\" content=\"III F\u00f3rum Nacional Contra a Viol\u00eancia Dom\u00e9stica\" \/>\n<meta name=\"twitter:image\" content=\"https:\/\/www.cig.gov.pt\/iniciativas-nacionais\/wp-content\/uploads\/2023\/10\/IIIForumViolFB.jpg\" \/>\n<meta name=\"twitter:label1\" content=\"Est. reading time\" \/>\n\t<meta name=\"twitter:data1\" content=\"3 minutos\" \/>\n<script type=\"application\/ld+json\" class=\"yoast-schema-graph\">{\"@context\":\"https:\/\/schema.org\",\"@graph\":[{\"@type\":\"WebSite\",\"@id\":\"https:\/\/www.cig.gov.pt\/iniciativas-nacionais\/#website\",\"url\":\"https:\/\/www.cig.gov.pt\/iniciativas-nacionais\/\",\"name\":\"Iniciativas Nacionais\",\"description\":\"\",\"potentialAction\":[{\"@type\":\"SearchAction\",\"target\":{\"@type\":\"EntryPoint\",\"urlTemplate\":\"https:\/\/www.cig.gov.pt\/iniciativas-nacionais\/?s={search_term_string}\"},\"query-input\":\"required name=search_term_string\"}],\"inLanguage\":\"pt-PT\"},{\"@type\":\"ImageObject\",\"@id\":\"https:\/\/www.cig.gov.pt\/iniciativas-nacionais\/iii-forum-nacional-contra-a-violencia-domestica-fotografias\/#primaryimage\",\"inLanguage\":\"pt-PT\",\"url\":\"https:\/\/www.cig.gov.pt\/iniciativas-nacionais\/wp-content\/uploads\/2023\/10\/IIIForumViolFB.jpg\",\"contentUrl\":\"https:\/\/www.cig.gov.pt\/iniciativas-nacionais\/wp-content\/uploads\/2023\/10\/IIIForumViolFB.jpg\",\"width\":1200,\"height\":630,\"caption\":\"III F\\u00f3rum Nacional Contra a Viol\\u00eancia Dom\\u00e9stica\"},{\"@type\":\"WebPage\",\"@id\":\"https:\/\/www.cig.gov.pt\/iniciativas-nacionais\/iii-forum-nacional-contra-a-violencia-domestica-fotografias\/#webpage\",\"url\":\"https:\/\/www.cig.gov.pt\/iniciativas-nacionais\/iii-forum-nacional-contra-a-violencia-domestica-fotografias\/\",\"name\":\"III F\\u00f3rum Nacional Contra a Viol\\u00eancia Dom\\u00e9stica - Fotografias - Iniciativas Nacionais\",\"isPartOf\":{\"@id\":\"https:\/\/www.cig.gov.pt\/iniciativas-nacionais\/#website\"},\"primaryImageOfPage\":{\"@id\":\"https:\/\/www.cig.gov.pt\/iniciativas-nacionais\/iii-forum-nacional-contra-a-violencia-domestica-fotografias\/#primaryimage\"},\"datePublished\":\"2023-12-21T15:17:02+00:00\",\"dateModified\":\"2023-12-21T15:21:30+00:00\",\"breadcrumb\":{\"@id\":\"https:\/\/www.cig.gov.pt\/iniciativas-nacionais\/iii-forum-nacional-contra-a-violencia-domestica-fotografias\/#breadcrumb\"},\"inLanguage\":\"pt-PT\",\"potentialAction\":[{\"@type\":\"ReadAction\",\"target\":[\"https:\/\/www.cig.gov.pt\/iniciativas-nacionais\/iii-forum-nacional-contra-a-violencia-domestica-fotografias\/\"]}]},{\"@type\":\"BreadcrumbList\",\"@id\":\"https:\/\/www.cig.gov.pt\/iniciativas-nacionais\/iii-forum-nacional-contra-a-violencia-domestica-fotografias\/#breadcrumb\",\"itemListElement\":[{\"@type\":\"ListItem\",\"position\":1,\"name\":\"Home\",\"item\":\"https:\/\/www.cig.gov.pt\/iniciativas-nacionais\/\"},{\"@type\":\"ListItem\",\"position\":2,\"name\":\"III F\\u00f3rum Nacional Contra a Viol\\u00eancia Dom\\u00e9stica &#8211; Fotografias\"}]}]}<\/script>\n<!-- \/ Yoast SEO plugin. -->","yoast_head_json":{"title":"III F\u00f3rum Nacional Contra a Viol\u00eancia Dom\u00e9stica - Fotografias - Iniciativas Nacionais","robots":{"index":"index","follow":"follow","max-snippet":"max-snippet:-1","max-image-preview":"max-image-preview:large","max-video-preview":"max-video-preview:-1"},"canonical":"https:\/\/www.cig.gov.pt\/iniciativas-nacionais\/iii-forum-nacional-contra-a-violencia-domestica-fotografias\/","og_locale":"pt_PT","og_type":"article","og_title":"III F\u00f3rum Nacional Contra a Viol\u00eancia Dom\u00e9stica","og_description":"O F\u00d3RUM\u00a0 \u00a0 INTERVENIENTES\u00a0 \u00a0 FOTOGRAFIAS\u00a0 \u00a0 TESTEMUNHOSFotografias","og_url":"https:\/\/www.cig.gov.pt\/iniciativas-nacionais\/iii-forum-nacional-contra-a-violencia-domestica-fotografias\/","og_site_name":"Iniciativas Nacionais","article_modified_time":"2023-12-21T15:21:30+00:00","og_image":[{"width":1200,"height":630,"url":"https:\/\/www.cig.gov.pt\/iniciativas-nacionais\/wp-content\/uploads\/2023\/10\/IIIForumViolFB.jpg","type":"image\/jpeg"}],"twitter_card":"summary_large_image","twitter_title":"III F\u00f3rum Nacional Contra a Viol\u00eancia Dom\u00e9stica","twitter_image":"https:\/\/www.cig.gov.pt\/iniciativas-nacionais\/wp-content\/uploads\/2023\/10\/IIIForumViolFB.jpg","twitter_misc":{"Est. reading time":"3 minutos"},"schema":{"@context":"https:\/\/schema.org","@graph":[{"@type":"WebSite","@id":"https:\/\/www.cig.gov.pt\/iniciativas-nacionais\/#website","url":"https:\/\/www.cig.gov.pt\/iniciativas-nacionais\/","name":"Iniciativas Nacionais","description":"","potentialAction":[{"@type":"SearchAction","target":{"@type":"EntryPoint","urlTemplate":"https:\/\/www.cig.gov.pt\/iniciativas-nacionais\/?s={search_term_string}"},"query-input":"required name=search_term_string"}],"inLanguage":"pt-PT"},{"@type":"ImageObject","@id":"https:\/\/www.cig.gov.pt\/iniciativas-nacionais\/iii-forum-nacional-contra-a-violencia-domestica-fotografias\/#primaryimage","inLanguage":"pt-PT","url":"https:\/\/www.cig.gov.pt\/iniciativas-nacionais\/wp-content\/uploads\/2023\/10\/IIIForumViolFB.jpg","contentUrl":"https:\/\/www.cig.gov.pt\/iniciativas-nacionais\/wp-content\/uploads\/2023\/10\/IIIForumViolFB.jpg","width":1200,"height":630,"caption":"III F\u00f3rum Nacional Contra a Viol\u00eancia Dom\u00e9stica"},{"@type":"WebPage","@id":"https:\/\/www.cig.gov.pt\/iniciativas-nacionais\/iii-forum-nacional-contra-a-violencia-domestica-fotografias\/#webpage","url":"https:\/\/www.cig.gov.pt\/iniciativas-nacionais\/iii-forum-nacional-contra-a-violencia-domestica-fotografias\/","name":"III F\u00f3rum Nacional Contra a Viol\u00eancia Dom\u00e9stica - Fotografias - Iniciativas Nacionais","isPartOf":{"@id":"https:\/\/www.cig.gov.pt\/iniciativas-nacionais\/#website"},"primaryImageOfPage":{"@id":"https:\/\/www.cig.gov.pt\/iniciativas-nacionais\/iii-forum-nacional-contra-a-violencia-domestica-fotografias\/#primaryimage"},"datePublished":"2023-12-21T15:17:02+00:00","dateModified":"2023-12-21T15:21:30+00:00","breadcrumb":{"@id":"https:\/\/www.cig.gov.pt\/iniciativas-nacionais\/iii-forum-nacional-contra-a-violencia-domestica-fotografias\/#breadcrumb"},"inLanguage":"pt-PT","potentialAction":[{"@type":"ReadAction","target":["https:\/\/www.cig.gov.pt\/iniciativas-nacionais\/iii-forum-nacional-contra-a-violencia-domestica-fotografias\/"]}]},{"@type":"BreadcrumbList","@id":"https:\/\/www.cig.gov.pt\/iniciativas-nacionais\/iii-forum-nacional-contra-a-violencia-domestica-fotografias\/#breadcrumb","itemListElement":[{"@type":"ListItem","position":1,"name":"Home","item":"https:\/\/www.cig.gov.pt\/iniciativas-nacionais\/"},{"@type":"ListItem","position":2,"name":"III F\u00f3rum Nacional Contra a Viol\u00eancia Dom\u00e9stica &#8211; Fotografias"}]}]}},"_links":{"self":[{"href":"https:\/\/www.cig.gov.pt\/iniciativas-nacionais\/wp-json\/wp\/v2\/pages\/3971"}],"collection":[{"href":"https:\/\/www.cig.gov.pt\/iniciativas-nacionais\/wp-json\/wp\/v2\/pages"}],"about":[{"href":"https:\/\/www.cig.gov.pt\/iniciativas-nacionais\/wp-json\/wp\/v2\/types\/page"}],"author":[{"embeddable":true,"href":"https:\/\/www.cig.gov.pt\/iniciativas-nacionais\/wp-json\/wp\/v2\/users\/1"}],"replies":[{"embeddable":true,"href":"https:\/\/www.cig.gov.pt\/iniciativas-nacionais\/wp-json\/wp\/v2\/comments?post=3971"}],"version-history":[{"count":4,"href":"https:\/\/www.cig.gov.pt\/iniciativas-nacionais\/wp-json\/wp\/v2\/pages\/3971\/revisions"}],"predecessor-version":[{"id":3978,"href":"https:\/\/www.cig.gov.pt\/iniciativas-nacionais\/wp-json\/wp\/v2\/pages\/3971\/revisions\/3978"}],"wp:featuredmedia":[{"embeddable":true,"href":"https:\/\/www.cig.gov.pt\/iniciativas-nacionais\/wp-json\/wp\/v2\/media\/3442"}],"wp:attachment":[{"href":"https:\/\/www.cig.gov.pt\/iniciativas-nacionais\/wp-json\/wp\/v2\/media?parent=3971"}],"curies":[{"name":"wp","href":"https:\/\/api.w.org\/{rel}","templated":true}]}}