{"id":3900,"date":"2023-12-21T09:25:41","date_gmt":"2023-12-21T09:25:41","guid":{"rendered":"https:\/\/www.cig.gov.pt\/iniciativas-nacionais\/?page_id=3900"},"modified":"2023-12-21T15:22:36","modified_gmt":"2023-12-21T15:22:36","slug":"iii-forum-nacional-contra-a-violencia-domestica-testemunhos","status":"publish","type":"page","link":"https:\/\/www.cig.gov.pt\/iniciativas-nacionais\/iii-forum-nacional-contra-a-violencia-domestica-testemunhos\/","title":{"rendered":"III F\u00f3rum Nacional Contra a Viol\u00eancia Dom\u00e9stica \u2013 Testemunhos"},"content":{"rendered":"<p>[et_pb_section fb_built=&#8221;1&#8243; _builder_version=&#8221;4.13.0&#8243; _module_preset=&#8221;default&#8221; background_color=&#8221;#FFFFFF&#8221; custom_margin=&#8221;0px||0px||false|false&#8221; custom_padding=&#8221;0px||0px||false|false&#8221; global_colors_info=&#8221;{}&#8221;][et_pb_row _builder_version=&#8221;4.13.0&#8243; _module_preset=&#8221;default&#8221; custom_margin=&#8221;0px||0px||false|false&#8221; custom_padding=&#8221;0px||0px||false|false&#8221; global_colors_info=&#8221;{}&#8221;][et_pb_column type=&#8221;4_4&#8243; _builder_version=&#8221;4.13.0&#8243; _module_preset=&#8221;default&#8221; global_colors_info=&#8221;{}&#8221;][et_pb_image src=&#8221;https:\/\/www.cig.gov.pt\/iniciativas-nacionais\/wp-content\/uploads\/2023\/10\/HeaderIIIforumv.png&#8221; alt=&#8221;III F\u00f3rum Nacional Contra a Viol\u00eancia Dom\u00e9stica&#8221; title_text=&#8221;III F\u00f3rum Nacional Contra a Viol\u00eancia Dom\u00e9stica&#8221; align=&#8221;center&#8221; _builder_version=&#8221;4.13.0&#8243; _module_preset=&#8221;default&#8221; global_colors_info=&#8221;{}&#8221;][\/et_pb_image][\/et_pb_column][\/et_pb_row][\/et_pb_section][et_pb_section fb_built=&#8221;1&#8243; _builder_version=&#8221;4.13.0&#8243; _module_preset=&#8221;default&#8221; background_color=&#8221;#FFFFFF&#8221; custom_margin=&#8221;0px||0px||false|false&#8221; custom_padding=&#8221;0px||0px||false|false&#8221; locked=&#8221;off&#8221; global_colors_info=&#8221;{}&#8221;][et_pb_row _builder_version=&#8221;4.13.0&#8243; _module_preset=&#8221;default&#8221; custom_margin=&#8221;18px||8px||false|false&#8221; custom_padding=&#8221;4px||4px||false|false&#8221; global_colors_info=&#8221;{}&#8221;][et_pb_column type=&#8221;4_4&#8243; _builder_version=&#8221;4.13.0&#8243; _module_preset=&#8221;default&#8221; global_colors_info=&#8221;{}&#8221;][et_pb_text _builder_version=&#8221;4.13.0&#8243; _module_preset=&#8221;default&#8221; header_3_font=&#8221;Montserrat|800|||||||&#8221; header_3_text_align=&#8221;center&#8221; header_3_font_size=&#8221;21px&#8221; header_3_line_height=&#8221;2em&#8221; global_colors_info=&#8221;{}&#8221;]<\/p>\n<h3><a href=\"https:\/\/www.cig.gov.pt\/iniciativas-nacionais\/iii-forum-nacional-contra-a-violencia-domestica\/#sobre\">O F\u00d3RUM<\/a>\u00a0 \u00a0 <a href=\"https:\/\/www.cig.gov.pt\/iniciativas-nacionais\/iii-forum-nacional-contra-a-violencia-domestica-intervenientes\/#intervenientes\">INTERVENIENTES<\/a>\u00a0 \u00a0 <a href=\"https:\/\/www.cig.gov.pt\/iniciativas-nacionais\/iii-forum-nacional-contra-a-violencia-domestica\/#Fotografias\">FOTOGRAFIAS<\/a>\u00a0 \u00a0 <a href=\"https:\/\/www.cig.gov.pt\/iniciativas-nacionais\/iii-forum-nacional-contra-a-violencia-domestica-testemunhos\/#Testemunhos\">TESTEMUNHOS<\/a><\/h3>\n<p>[\/et_pb_text][\/et_pb_column][\/et_pb_row][\/et_pb_section][et_pb_section fb_built=&#8221;1&#8243; _builder_version=&#8221;4.13.0&#8243; _module_preset=&#8221;default&#8221; background_color=&#8221;rgba(0,0,0,0.04)&#8221; global_colors_info=&#8221;{}&#8221;][et_pb_row module_id=&#8221;direto&#8221; _builder_version=&#8221;4.13.0&#8243; _module_preset=&#8221;default&#8221; custom_margin=&#8221;||0px||false|false&#8221; custom_padding=&#8221;||0px||false|false&#8221; locked=&#8221;off&#8221; global_colors_info=&#8221;{}&#8221;][et_pb_column type=&#8221;4_4&#8243; _builder_version=&#8221;4.13.0&#8243; _module_preset=&#8221;default&#8221; global_colors_info=&#8221;{}&#8221;][et_pb_text admin_label=&#8221;Testemunhos&#8221; module_id=&#8221;Testemunhos&#8221; module_class=&#8221;Testemunhos&#8221; _builder_version=&#8221;4.13.0&#8243; _module_preset=&#8221;default&#8221; header_3_font=&#8221;Montserrat|800|||||||&#8221; header_3_text_color=&#8221;#cf0b23&#8243; header_3_font_size=&#8221;38px&#8221; module_alignment=&#8221;left&#8221; header_3_font_size_tablet=&#8221;36px&#8221; header_3_font_size_phone=&#8221;28px&#8221; header_3_font_size_last_edited=&#8221;on|phone&#8221; locked=&#8221;off&#8221; global_colors_info=&#8221;{}&#8221;]<\/p>\n<h3>III F\u00f3rum Nacional Contra a Viol\u00eancia Dom\u00e9stica<\/h3>\n<h3><span style=\"color: #000000; font-size: xx-large;\">Testemunhos de oradores e participantes<\/span><\/h3>\n<p>[\/et_pb_text][et_pb_text _builder_version=&#8221;4.13.0&#8243; _module_preset=&#8221;default&#8221; text_font=&#8221;Poppins|300|||||||&#8221; text_text_color=&#8221;rgba(0,0,0,0.8)&#8221; text_font_size=&#8221;16px&#8221; header_4_font=&#8221;|700|||||||&#8221; header_4_font_size=&#8221;20px&#8221; custom_margin=&#8221;40px||4px||false|false&#8221; locked=&#8221;off&#8221; global_colors_info=&#8221;{}&#8221;]<\/p>\n<h4 style=\"text-align: justify;\">Jo\u00e3o Costa, Secret\u00e1rio de Estado Adjunto e da Justi\u00e7a<\/h4>\n<p>[\/et_pb_text][\/et_pb_column][\/et_pb_row][et_pb_row _builder_version=&#8221;4.13.0&#8243; _module_preset=&#8221;default&#8221; width=&#8221;100%&#8221; height=&#8221;100%&#8221; custom_margin=&#8221;0px||||false|false&#8221; custom_padding=&#8221;0px||||false|false&#8221; locked=&#8221;off&#8221; global_colors_info=&#8221;{}&#8221;][et_pb_column type=&#8221;4_4&#8243; _builder_version=&#8221;4.13.0&#8243; _module_preset=&#8221;default&#8221; global_colors_info=&#8221;{}&#8221;][et_pb_video src=&#8221;https:\/\/youtu.be\/kXeeb6WvdiA?si=oQEm3YDFL-JxDNTU&#8221; _builder_version=&#8221;4.13.0&#8243; _module_preset=&#8221;default&#8221; global_colors_info=&#8221;{}&#8221;][\/et_pb_video][et_pb_text _builder_version=&#8221;4.13.0&#8243; _module_preset=&#8221;default&#8221; text_font=&#8221;Poppins|300|||||||&#8221; text_text_color=&#8221;rgba(0,0,0,0.8)&#8221; text_font_size=&#8221;16px&#8221; header_4_font=&#8221;|700|||||||&#8221; header_4_font_size=&#8221;20px&#8221; custom_margin=&#8221;80px||4px||false|false&#8221; locked=&#8221;off&#8221; global_colors_info=&#8221;{}&#8221;]<\/p>\n<h4 style=\"text-align: justify;\">Sandra Ribeiro, presidente da CIG<\/h4>\n<p>[\/et_pb_text][et_pb_video src=&#8221;https:\/\/youtu.be\/MQykRc69SPw&#8221; _builder_version=&#8221;4.13.0&#8243; _module_preset=&#8221;default&#8221; locked=&#8221;off&#8221; global_colors_info=&#8221;{}&#8221;][\/et_pb_video][et_pb_text _builder_version=&#8221;4.13.0&#8243; _module_preset=&#8221;default&#8221; text_font=&#8221;Poppins|300|||||||&#8221; text_text_color=&#8221;rgba(0,0,0,0.8)&#8221; text_font_size=&#8221;16px&#8221; header_4_font=&#8221;|700|||||||&#8221; header_4_font_size=&#8221;20px&#8221; custom_margin=&#8221;80px||4px||false|false&#8221; locked=&#8221;off&#8221; global_colors_info=&#8221;{}&#8221;]<\/p>\n<h4 style=\"text-align: justify;\">Lu\u00eds Neves, Diretor Nacional da Pol\u00edcia Judici\u00e1ria<\/h4>\n<p>[\/et_pb_text][et_pb_video src=&#8221;https:\/\/youtu.be\/XAsJ2_AYacg?si=yVcJThQbUKi-B3jt&#8221; _builder_version=&#8221;4.13.0&#8243; _module_preset=&#8221;default&#8221; locked=&#8221;off&#8221; global_colors_info=&#8221;{}&#8221;][\/et_pb_video][et_pb_text _builder_version=&#8221;4.13.0&#8243; _module_preset=&#8221;default&#8221; text_font=&#8221;Poppins|300|||||||&#8221; text_text_color=&#8221;rgba(0,0,0,0.8)&#8221; text_font_size=&#8221;16px&#8221; header_4_font=&#8221;|700|||||||&#8221; header_4_font_size=&#8221;20px&#8221; custom_margin=&#8221;80px||4px||false|false&#8221; hover_enabled=&#8221;0&#8243; locked=&#8221;off&#8221; global_colors_info=&#8221;{}&#8221; sticky_enabled=&#8221;0&#8243;]<\/p>\n<h4 style=\"text-align: justify;\">Lina Coelho, Conselho Econ\u00f3mico e Social para a \u00e1rea da Justi\u00e7a<\/h4>\n<p>[\/et_pb_text][et_pb_video src=&#8221;https:\/\/youtu.be\/mWzT-Gmtm1U&#8221; _builder_version=&#8221;4.13.0&#8243; _module_preset=&#8221;default&#8221; locked=&#8221;off&#8221; global_colors_info=&#8221;{}&#8221;][\/et_pb_video][et_pb_text _builder_version=&#8221;4.13.0&#8243; _module_preset=&#8221;default&#8221; text_font=&#8221;Poppins|300|||||||&#8221; text_text_color=&#8221;rgba(0,0,0,0.8)&#8221; text_font_size=&#8221;16px&#8221; header_4_font=&#8221;|700|||||||&#8221; header_4_font_size=&#8221;20px&#8221; custom_margin=&#8221;80px||4px||false|false&#8221; hover_enabled=&#8221;0&#8243; locked=&#8221;off&#8221; global_colors_info=&#8221;{}&#8221; sticky_enabled=&#8221;0&#8243;]<\/p>\n<h4 style=\"text-align: justify;\">Miguel Carmo, Procurador da Rep\u00fablica<\/h4>\n<p>[\/et_pb_text][et_pb_video src=&#8221;https:\/\/youtu.be\/eX4TA-wFs2w&#8221; _builder_version=&#8221;4.13.0&#8243; _module_preset=&#8221;default&#8221; locked=&#8221;off&#8221; global_colors_info=&#8221;{}&#8221;][\/et_pb_video][et_pb_text _builder_version=&#8221;4.13.0&#8243; _module_preset=&#8221;default&#8221; text_font=&#8221;Poppins|300|||||||&#8221; text_text_color=&#8221;rgba(0,0,0,0.8)&#8221; text_font_size=&#8221;16px&#8221; header_4_font=&#8221;|700|||||||&#8221; header_4_font_size=&#8221;20px&#8221; custom_margin=&#8221;80px||4px||false|false&#8221; hover_enabled=&#8221;0&#8243; locked=&#8221;off&#8221; global_colors_info=&#8221;{}&#8221; sticky_enabled=&#8221;0&#8243;]<\/p>\n<h4 style=\"text-align: justify;\">Cristina Almeida e Sousa, Ju\u00edza Desembargadora do Tribunal da Rela\u00e7\u00e3o de Lisboa<\/h4>\n<p>[\/et_pb_text][et_pb_video src=&#8221;https:\/\/youtu.be\/4hccRNeO5as&#8221; _builder_version=&#8221;4.13.0&#8243; _module_preset=&#8221;default&#8221; locked=&#8221;off&#8221; global_colors_info=&#8221;{}&#8221;][\/et_pb_video][et_pb_text _builder_version=&#8221;4.13.0&#8243; _module_preset=&#8221;default&#8221; text_font=&#8221;Poppins|300|||||||&#8221; text_text_color=&#8221;rgba(0,0,0,0.8)&#8221; text_font_size=&#8221;16px&#8221; header_4_font=&#8221;|700|||||||&#8221; header_4_font_size=&#8221;20px&#8221; custom_margin=&#8221;80px||4px||false|false&#8221; hover_enabled=&#8221;0&#8243; locked=&#8221;off&#8221; global_colors_info=&#8221;{}&#8221; sticky_enabled=&#8221;0&#8243;]<\/p>\n<h4 style=\"text-align: justify;\">Paulo Brand\u00e3o, Vice-Presidente do Conselho Regional de Lisboa da Ordem dos Advogados<\/h4>\n<p>[\/et_pb_text][et_pb_video src=&#8221;https:\/\/youtu.be\/CYcRKb-JRm4&#8243; _builder_version=&#8221;4.13.0&#8243; _module_preset=&#8221;default&#8221; locked=&#8221;off&#8221; global_colors_info=&#8221;{}&#8221;][\/et_pb_video][et_pb_text _builder_version=&#8221;4.13.0&#8243; _module_preset=&#8221;default&#8221; text_font=&#8221;Poppins|300|||||||&#8221; text_text_color=&#8221;rgba(0,0,0,0.8)&#8221; text_font_size=&#8221;16px&#8221; header_4_font=&#8221;|700|||||||&#8221; header_4_font_size=&#8221;20px&#8221; custom_margin=&#8221;80px||4px||false|false&#8221; hover_enabled=&#8221;0&#8243; locked=&#8221;off&#8221; global_colors_info=&#8221;{}&#8221; sticky_enabled=&#8221;0&#8243;]<\/p>\n<h4 style=\"text-align: justify;\">Teresa Morais, Procuradora da Rep\u00fablica<\/h4>\n<p>[\/et_pb_text][et_pb_video src=&#8221;https:\/\/youtu.be\/pnHRx1tmdRY&#8221; _builder_version=&#8221;4.13.0&#8243; _module_preset=&#8221;default&#8221; locked=&#8221;off&#8221; global_colors_info=&#8221;{}&#8221;][\/et_pb_video][et_pb_text _builder_version=&#8221;4.13.0&#8243; _module_preset=&#8221;default&#8221; text_font=&#8221;Poppins|300|||||||&#8221; text_text_color=&#8221;rgba(0,0,0,0.8)&#8221; text_font_size=&#8221;16px&#8221; header_4_font=&#8221;|700|||||||&#8221; header_4_font_size=&#8221;20px&#8221; custom_margin=&#8221;80px||4px||false|false&#8221; hover_enabled=&#8221;0&#8243; locked=&#8221;off&#8221; global_colors_info=&#8221;{}&#8221; sticky_enabled=&#8221;0&#8243;]<\/p>\n<h4 style=\"text-align: justify;\">Adalberto Fernandes, participante no F\u00f3rum<\/h4>\n<p>[\/et_pb_text][et_pb_video src=&#8221;https:\/\/youtu.be\/H5s5-HHaqHU&#8221; _builder_version=&#8221;4.13.0&#8243; _module_preset=&#8221;default&#8221; locked=&#8221;off&#8221; global_colors_info=&#8221;{}&#8221;][\/et_pb_video][et_pb_text _builder_version=&#8221;4.13.0&#8243; _module_preset=&#8221;default&#8221; text_font=&#8221;Poppins|300|||||||&#8221; text_text_color=&#8221;rgba(0,0,0,0.8)&#8221; text_font_size=&#8221;16px&#8221; header_4_font=&#8221;|700|||||||&#8221; header_4_font_size=&#8221;20px&#8221; custom_margin=&#8221;80px||4px||false|false&#8221; hover_enabled=&#8221;0&#8243; locked=&#8221;off&#8221; global_colors_info=&#8221;{}&#8221; sticky_enabled=&#8221;0&#8243;]<\/p>\n<h4 style=\"text-align: justify;\">Ana Gil, participante no F\u00f3rum<\/h4>\n<p>[\/et_pb_text][et_pb_video src=&#8221;https:\/\/youtu.be\/SZ4xvep7C9E&#8221; _builder_version=&#8221;4.13.0&#8243; _module_preset=&#8221;default&#8221; locked=&#8221;off&#8221; global_colors_info=&#8221;{}&#8221;][\/et_pb_video][\/et_pb_column][\/et_pb_row][et_pb_row _builder_version=&#8221;4.13.0&#8243; _module_preset=&#8221;default&#8221; width=&#8221;100%&#8221; height=&#8221;100%&#8221; custom_margin=&#8221;0px||||false|false&#8221; custom_padding=&#8221;0px||||false|false&#8221; locked=&#8221;off&#8221; global_colors_info=&#8221;{}&#8221;][et_pb_column type=&#8221;4_4&#8243; _builder_version=&#8221;4.13.0&#8243; _module_preset=&#8221;default&#8221; global_colors_info=&#8221;{}&#8221;][\/et_pb_column][\/et_pb_row][\/et_pb_section][et_pb_section fb_built=&#8221;1&#8243; _builder_version=&#8221;4.13.0&#8243; _module_preset=&#8221;default&#8221; background_color=&#8221;#FFFFFF&#8221; custom_margin=&#8221;0px||0px||false|false&#8221; custom_padding=&#8221;0px||0px||false|false&#8221; locked=&#8221;off&#8221; global_colors_info=&#8221;{}&#8221;][et_pb_row _builder_version=&#8221;4.13.0&#8243; _module_preset=&#8221;default&#8221; custom_margin=&#8221;4px||4px||false|false&#8221; custom_padding=&#8221;4px||4px||false|false&#8221; global_colors_info=&#8221;{}&#8221;][et_pb_column type=&#8221;4_4&#8243; _builder_version=&#8221;4.13.0&#8243; _module_preset=&#8221;default&#8221; global_colors_info=&#8221;{}&#8221;][et_pb_image src=&#8221;https:\/\/www.cig.gov.pt\/iniciativas-nacionais\/wp-content\/uploads\/2023\/10\/comblogos.png&#8221; alt=&#8221;III F\u00f3rum Nacional Contra a Viol\u00eancia Dom\u00e9stica&#8221; title_text=&#8221;III F\u00f3rum Nacional Contra a Viol\u00eancia Dom\u00e9stica&#8221; align=&#8221;center&#8221; _builder_version=&#8221;4.13.0&#8243; _module_preset=&#8221;default&#8221; global_colors_info=&#8221;{}&#8221;][\/et_pb_image][\/et_pb_column][\/et_pb_row][\/et_pb_section]<\/p>\n","protected":false},"excerpt":{"rendered":"<p>III F\u00f3rum Nacional Contra a Viol\u00eancia Dom\u00e9stica \u2013 Testemunhos<\/p>\n","protected":false},"author":1,"featured_media":3442,"parent":0,"menu_order":0,"comment_status":"closed","ping_status":"closed","template":"page-template-blank.php","meta":{"_et_pb_use_builder":"on","_et_pb_old_content":"","_et_gb_content_width":""},"yoast_head":"<!-- This site is optimized with the Yoast SEO plugin v17.5 - https:\/\/yoast.com\/wordpress\/plugins\/seo\/ -->\n<title>III F\u00f3rum Nacional Contra a Viol\u00eancia Dom\u00e9stica \u2013 Testemunhos - Iniciativas Nacionais<\/title>\n<meta name=\"robots\" content=\"index, follow, max-snippet:-1, max-image-preview:large, max-video-preview:-1\" \/>\n<link rel=\"canonical\" href=\"https:\/\/www.cig.gov.pt\/iniciativas-nacionais\/iii-forum-nacional-contra-a-violencia-domestica-testemunhos\/\" \/>\n<meta property=\"og:locale\" content=\"pt_PT\" \/>\n<meta property=\"og:type\" content=\"article\" \/>\n<meta property=\"og:title\" content=\"III F\u00f3rum Nacional Contra a Viol\u00eancia Dom\u00e9stica \u2013 Testemunhos\" \/>\n<meta property=\"og:description\" content=\"III F\u00f3rum Nacional Contra a Viol\u00eancia Dom\u00e9stica \u2013 Testemunhos\" \/>\n<meta property=\"og:url\" content=\"https:\/\/www.cig.gov.pt\/iniciativas-nacionais\/iii-forum-nacional-contra-a-violencia-domestica-testemunhos\/\" \/>\n<meta property=\"og:site_name\" content=\"Iniciativas Nacionais\" \/>\n<meta property=\"article:modified_time\" content=\"2023-12-21T15:22:36+00:00\" \/>\n<meta property=\"og:image\" content=\"https:\/\/www.cig.gov.pt\/iniciativas-nacionais\/wp-content\/uploads\/2023\/10\/IIIForumViolFB.jpg\" \/>\n\t<meta property=\"og:image:width\" content=\"1200\" \/>\n\t<meta property=\"og:image:height\" content=\"630\" \/>\n<meta name=\"twitter:card\" content=\"summary_large_image\" \/>\n<meta name=\"twitter:title\" content=\"III F\u00f3rum Nacional Contra a Viol\u00eancia Dom\u00e9stica \u2013 Testemunhos\" \/>\n<meta name=\"twitter:image\" content=\"https:\/\/www.cig.gov.pt\/iniciativas-nacionais\/wp-content\/uploads\/2023\/10\/IIIForumViolFB.jpg\" \/>\n<meta name=\"twitter:label1\" content=\"Est. reading time\" \/>\n\t<meta name=\"twitter:data1\" content=\"7 minutos\" \/>\n<script type=\"application\/ld+json\" class=\"yoast-schema-graph\">{\"@context\":\"https:\/\/schema.org\",\"@graph\":[{\"@type\":\"WebSite\",\"@id\":\"https:\/\/www.cig.gov.pt\/iniciativas-nacionais\/#website\",\"url\":\"https:\/\/www.cig.gov.pt\/iniciativas-nacionais\/\",\"name\":\"Iniciativas Nacionais\",\"description\":\"\",\"potentialAction\":[{\"@type\":\"SearchAction\",\"target\":{\"@type\":\"EntryPoint\",\"urlTemplate\":\"https:\/\/www.cig.gov.pt\/iniciativas-nacionais\/?s={search_term_string}\"},\"query-input\":\"required name=search_term_string\"}],\"inLanguage\":\"pt-PT\"},{\"@type\":\"ImageObject\",\"@id\":\"https:\/\/www.cig.gov.pt\/iniciativas-nacionais\/iii-forum-nacional-contra-a-violencia-domestica-testemunhos\/#primaryimage\",\"inLanguage\":\"pt-PT\",\"url\":\"https:\/\/www.cig.gov.pt\/iniciativas-nacionais\/wp-content\/uploads\/2023\/10\/IIIForumViolFB.jpg\",\"contentUrl\":\"https:\/\/www.cig.gov.pt\/iniciativas-nacionais\/wp-content\/uploads\/2023\/10\/IIIForumViolFB.jpg\",\"width\":1200,\"height\":630,\"caption\":\"III F\\u00f3rum Nacional Contra a Viol\\u00eancia Dom\\u00e9stica\"},{\"@type\":\"WebPage\",\"@id\":\"https:\/\/www.cig.gov.pt\/iniciativas-nacionais\/iii-forum-nacional-contra-a-violencia-domestica-testemunhos\/#webpage\",\"url\":\"https:\/\/www.cig.gov.pt\/iniciativas-nacionais\/iii-forum-nacional-contra-a-violencia-domestica-testemunhos\/\",\"name\":\"III F\\u00f3rum Nacional Contra a Viol\\u00eancia Dom\\u00e9stica \\u2013 Testemunhos - Iniciativas Nacionais\",\"isPartOf\":{\"@id\":\"https:\/\/www.cig.gov.pt\/iniciativas-nacionais\/#website\"},\"primaryImageOfPage\":{\"@id\":\"https:\/\/www.cig.gov.pt\/iniciativas-nacionais\/iii-forum-nacional-contra-a-violencia-domestica-testemunhos\/#primaryimage\"},\"datePublished\":\"2023-12-21T09:25:41+00:00\",\"dateModified\":\"2023-12-21T15:22:36+00:00\",\"breadcrumb\":{\"@id\":\"https:\/\/www.cig.gov.pt\/iniciativas-nacionais\/iii-forum-nacional-contra-a-violencia-domestica-testemunhos\/#breadcrumb\"},\"inLanguage\":\"pt-PT\",\"potentialAction\":[{\"@type\":\"ReadAction\",\"target\":[\"https:\/\/www.cig.gov.pt\/iniciativas-nacionais\/iii-forum-nacional-contra-a-violencia-domestica-testemunhos\/\"]}]},{\"@type\":\"BreadcrumbList\",\"@id\":\"https:\/\/www.cig.gov.pt\/iniciativas-nacionais\/iii-forum-nacional-contra-a-violencia-domestica-testemunhos\/#breadcrumb\",\"itemListElement\":[{\"@type\":\"ListItem\",\"position\":1,\"name\":\"Home\",\"item\":\"https:\/\/www.cig.gov.pt\/iniciativas-nacionais\/\"},{\"@type\":\"ListItem\",\"position\":2,\"name\":\"III F\\u00f3rum Nacional Contra a Viol\\u00eancia Dom\\u00e9stica \\u2013 Testemunhos\"}]}]}<\/script>\n<!-- \/ Yoast SEO plugin. -->","yoast_head_json":{"title":"III F\u00f3rum Nacional Contra a Viol\u00eancia Dom\u00e9stica \u2013 Testemunhos - Iniciativas Nacionais","robots":{"index":"index","follow":"follow","max-snippet":"max-snippet:-1","max-image-preview":"max-image-preview:large","max-video-preview":"max-video-preview:-1"},"canonical":"https:\/\/www.cig.gov.pt\/iniciativas-nacionais\/iii-forum-nacional-contra-a-violencia-domestica-testemunhos\/","og_locale":"pt_PT","og_type":"article","og_title":"III F\u00f3rum Nacional Contra a Viol\u00eancia Dom\u00e9stica \u2013 Testemunhos","og_description":"III F\u00f3rum Nacional Contra a Viol\u00eancia Dom\u00e9stica \u2013 Testemunhos","og_url":"https:\/\/www.cig.gov.pt\/iniciativas-nacionais\/iii-forum-nacional-contra-a-violencia-domestica-testemunhos\/","og_site_name":"Iniciativas Nacionais","article_modified_time":"2023-12-21T15:22:36+00:00","og_image":[{"width":1200,"height":630,"url":"https:\/\/www.cig.gov.pt\/iniciativas-nacionais\/wp-content\/uploads\/2023\/10\/IIIForumViolFB.jpg","type":"image\/jpeg"}],"twitter_card":"summary_large_image","twitter_title":"III F\u00f3rum Nacional Contra a Viol\u00eancia Dom\u00e9stica \u2013 Testemunhos","twitter_image":"https:\/\/www.cig.gov.pt\/iniciativas-nacionais\/wp-content\/uploads\/2023\/10\/IIIForumViolFB.jpg","twitter_misc":{"Est. reading time":"7 minutos"},"schema":{"@context":"https:\/\/schema.org","@graph":[{"@type":"WebSite","@id":"https:\/\/www.cig.gov.pt\/iniciativas-nacionais\/#website","url":"https:\/\/www.cig.gov.pt\/iniciativas-nacionais\/","name":"Iniciativas Nacionais","description":"","potentialAction":[{"@type":"SearchAction","target":{"@type":"EntryPoint","urlTemplate":"https:\/\/www.cig.gov.pt\/iniciativas-nacionais\/?s={search_term_string}"},"query-input":"required name=search_term_string"}],"inLanguage":"pt-PT"},{"@type":"ImageObject","@id":"https:\/\/www.cig.gov.pt\/iniciativas-nacionais\/iii-forum-nacional-contra-a-violencia-domestica-testemunhos\/#primaryimage","inLanguage":"pt-PT","url":"https:\/\/www.cig.gov.pt\/iniciativas-nacionais\/wp-content\/uploads\/2023\/10\/IIIForumViolFB.jpg","contentUrl":"https:\/\/www.cig.gov.pt\/iniciativas-nacionais\/wp-content\/uploads\/2023\/10\/IIIForumViolFB.jpg","width":1200,"height":630,"caption":"III F\u00f3rum Nacional Contra a Viol\u00eancia Dom\u00e9stica"},{"@type":"WebPage","@id":"https:\/\/www.cig.gov.pt\/iniciativas-nacionais\/iii-forum-nacional-contra-a-violencia-domestica-testemunhos\/#webpage","url":"https:\/\/www.cig.gov.pt\/iniciativas-nacionais\/iii-forum-nacional-contra-a-violencia-domestica-testemunhos\/","name":"III F\u00f3rum Nacional Contra a Viol\u00eancia Dom\u00e9stica \u2013 Testemunhos - Iniciativas Nacionais","isPartOf":{"@id":"https:\/\/www.cig.gov.pt\/iniciativas-nacionais\/#website"},"primaryImageOfPage":{"@id":"https:\/\/www.cig.gov.pt\/iniciativas-nacionais\/iii-forum-nacional-contra-a-violencia-domestica-testemunhos\/#primaryimage"},"datePublished":"2023-12-21T09:25:41+00:00","dateModified":"2023-12-21T15:22:36+00:00","breadcrumb":{"@id":"https:\/\/www.cig.gov.pt\/iniciativas-nacionais\/iii-forum-nacional-contra-a-violencia-domestica-testemunhos\/#breadcrumb"},"inLanguage":"pt-PT","potentialAction":[{"@type":"ReadAction","target":["https:\/\/www.cig.gov.pt\/iniciativas-nacionais\/iii-forum-nacional-contra-a-violencia-domestica-testemunhos\/"]}]},{"@type":"BreadcrumbList","@id":"https:\/\/www.cig.gov.pt\/iniciativas-nacionais\/iii-forum-nacional-contra-a-violencia-domestica-testemunhos\/#breadcrumb","itemListElement":[{"@type":"ListItem","position":1,"name":"Home","item":"https:\/\/www.cig.gov.pt\/iniciativas-nacionais\/"},{"@type":"ListItem","position":2,"name":"III F\u00f3rum Nacional Contra a Viol\u00eancia Dom\u00e9stica \u2013 Testemunhos"}]}]}},"_links":{"self":[{"href":"https:\/\/www.cig.gov.pt\/iniciativas-nacionais\/wp-json\/wp\/v2\/pages\/3900"}],"collection":[{"href":"https:\/\/www.cig.gov.pt\/iniciativas-nacionais\/wp-json\/wp\/v2\/pages"}],"about":[{"href":"https:\/\/www.cig.gov.pt\/iniciativas-nacionais\/wp-json\/wp\/v2\/types\/page"}],"author":[{"embeddable":true,"href":"https:\/\/www.cig.gov.pt\/iniciativas-nacionais\/wp-json\/wp\/v2\/users\/1"}],"replies":[{"embeddable":true,"href":"https:\/\/www.cig.gov.pt\/iniciativas-nacionais\/wp-json\/wp\/v2\/comments?post=3900"}],"version-history":[{"count":13,"href":"https:\/\/www.cig.gov.pt\/iniciativas-nacionais\/wp-json\/wp\/v2\/pages\/3900\/revisions"}],"predecessor-version":[{"id":3980,"href":"https:\/\/www.cig.gov.pt\/iniciativas-nacionais\/wp-json\/wp\/v2\/pages\/3900\/revisions\/3980"}],"wp:featuredmedia":[{"embeddable":true,"href":"https:\/\/www.cig.gov.pt\/iniciativas-nacionais\/wp-json\/wp\/v2\/media\/3442"}],"wp:attachment":[{"href":"https:\/\/www.cig.gov.pt\/iniciativas-nacionais\/wp-json\/wp\/v2\/media?parent=3900"}],"curies":[{"name":"wp","href":"https:\/\/api.w.org\/{rel}","templated":true}]}}