{"id":2905,"date":"2022-11-24T23:41:48","date_gmt":"2022-11-24T23:41:48","guid":{"rendered":"https:\/\/www.cig.gov.pt\/iniciativas-nacionais\/?page_id=2905"},"modified":"2022-11-24T23:50:51","modified_gmt":"2022-11-24T23:50:51","slug":"materiais-campanha-violencia-2022-publico","status":"publish","type":"page","link":"https:\/\/www.cig.gov.pt\/iniciativas-nacionais\/materiais-campanha-violencia-2022-publico\/","title":{"rendered":"Materiais campanha viol\u00eancia 2022 | P\u00fablico"},"content":{"rendered":"<p>[et_pb_section fb_built=&#8221;1&#8243; _builder_version=&#8221;4.13.0&#8243; _module_preset=&#8221;default&#8221; background_color=&#8221;#f1efed&#8221; custom_margin=&#8221;0px||0px||false|false&#8221; custom_padding=&#8221;0px||0px||false|false&#8221; global_colors_info=&#8221;{}&#8221;][et_pb_row _builder_version=&#8221;4.13.0&#8243; _module_preset=&#8221;default&#8221; custom_margin=&#8221;0px||0px||false|false&#8221; custom_padding=&#8221;0px||0px||false|false&#8221; global_colors_info=&#8221;{}&#8221;][et_pb_column type=&#8221;4_4&#8243; _builder_version=&#8221;4.13.0&#8243; _module_preset=&#8221;default&#8221; global_colors_info=&#8221;{}&#8221;][et_pb_image src=&#8221;https:\/\/www.cig.gov.pt\/iniciativas-nacionais\/wp-content\/uploads\/2022\/11\/AF_RP_DIECVM22_2120x850_Crr.png&#8221; alt=&#8221;II F\u00f3rum &#8211; Portugal Contra a Viol\u00eancia&#8221; title_text=&#8221;II F\u00f3rum &#8211; Portugal Contra a Viol\u00eancia&#8221; align=&#8221;center&#8221; _builder_version=&#8221;4.13.0&#8243; _module_preset=&#8221;default&#8221; global_colors_info=&#8221;{}&#8221;][\/et_pb_image][\/et_pb_column][\/et_pb_row][\/et_pb_section][et_pb_section fb_built=&#8221;1&#8243; _builder_version=&#8221;4.13.0&#8243; _module_preset=&#8221;default&#8221; background_color=&#8221;rgba(0,0,0,0.04)&#8221; global_colors_info=&#8221;{}&#8221;][et_pb_row module_id=&#8221;sobre&#8221; _builder_version=&#8221;4.13.0&#8243; _module_preset=&#8221;default&#8221; custom_margin=&#8221;||0px||false|false&#8221; custom_padding=&#8221;||0px||false|false&#8221; locked=&#8221;off&#8221; global_colors_info=&#8221;{}&#8221;][et_pb_column type=&#8221;4_4&#8243; _builder_version=&#8221;4.13.0&#8243; _module_preset=&#8221;default&#8221; global_colors_info=&#8221;{}&#8221;][et_pb_text _builder_version=&#8221;4.13.0&#8243; _module_preset=&#8221;default&#8221; header_3_font=&#8221;Montserrat|800|||||||&#8221; header_3_text_color=&#8221;rgba(0,0,0,0.58)&#8221; header_3_font_size=&#8221;38px&#8221; header_4_font=&#8221;Montserrat||||||||&#8221; module_alignment=&#8221;left&#8221; custom_padding=&#8221;6px|||||&#8221; header_3_font_size_tablet=&#8221;36px&#8221; header_3_font_size_phone=&#8221;28px&#8221; header_3_font_size_last_edited=&#8221;on|phone&#8221; locked=&#8221;off&#8221; global_colors_info=&#8221;{}&#8221;]<\/p>\n<h3>Materiais<\/h3>\n<h4><strong>Para download<\/strong><\/h4>\n<p>[\/et_pb_text][\/et_pb_column][\/et_pb_row][et_pb_row _builder_version=&#8221;4.13.0&#8243; _module_preset=&#8221;default&#8221; global_colors_info=&#8221;{}&#8221;][et_pb_column type=&#8221;4_4&#8243; _builder_version=&#8221;4.13.0&#8243; _module_preset=&#8221;default&#8221; global_colors_info=&#8221;{}&#8221;][et_pb_text _builder_version=&#8221;4.13.0&#8243; _module_preset=&#8221;default&#8221; text_font=&#8221;Poppins|300|||||||&#8221; text_text_color=&#8221;rgba(0,0,0,0.8)&#8221; text_font_size=&#8221;18px&#8221; hover_enabled=&#8221;0&#8243; global_colors_info=&#8221;{}&#8221; sticky_enabled=&#8221;0&#8243;]<\/p>\n<p><strong>V\u00eddeo<\/strong><\/p>\n<ul>\n<li><a href=\"https:\/\/cld.pt\/dl\/download\/4760ca49-abf1-400e-a64f-eca11fc2e2de\/ViolenciaDomestica_20seg_2022_NET.mp4?download=true\">ViolenciaDomestica_20seg_2022_NET.mp4<\/a><\/li>\n<\/ul>\n<p>&nbsp;<\/p>\n<p><strong>Ficheiros<\/strong><\/p>\n<p>Clique nas imagens para fazer o download.<\/p>\n<p><a href=\"https:\/\/www.cig.gov.pt\/iniciativas-nacionais\/wp-content\/uploads\/2022\/11\/AF_RP_DIEVCM22_FB_Cover_820x360.png\" target=\"_blank\" rel=\"noopener\"><img loading=\"lazy\" class=\"wp-image-2908 alignnone size-medium\" src=\"https:\/\/www.cig.gov.pt\/iniciativas-nacionais\/wp-content\/uploads\/2022\/11\/AF_RP_DIEVCM22_FB_Cover_820x360-300x132.png\" alt=\"\" width=\"300\" height=\"132\" \/><\/a><br \/>Tamanho: 820 x 360<\/p>\n<p><a href=\"https:\/\/www.cig.gov.pt\/iniciativas-nacionais\/wp-content\/uploads\/2022\/11\/AF_RP_DIEVCM22_FB_Crt_476x249.png\" target=\"_blank\" rel=\"noopener\"><img loading=\"lazy\" class=\"alignnone wp-image-2909 size-medium\" src=\"https:\/\/www.cig.gov.pt\/iniciativas-nacionais\/wp-content\/uploads\/2022\/11\/AF_RP_DIEVCM22_FB_Crt_476x249-300x157.png\" alt=\"\" width=\"300\" height=\"157\" \/><\/a><br \/>Tamanho: 476 x 249<\/p>\n<p><a href=\"https:\/\/www.cig.gov.pt\/iniciativas-nacionais\/wp-content\/uploads\/2022\/11\/AF_RP_DIEVCM22_FB_Post_1080x1080.png\" target=\"_blank\" rel=\"noopener\"><img loading=\"lazy\" class=\"alignnone wp-image-2910 size-medium\" src=\"https:\/\/www.cig.gov.pt\/iniciativas-nacionais\/wp-content\/uploads\/2022\/11\/AF_RP_DIEVCM22_FB_Post_1080x1080-300x300.png\" alt=\"\" width=\"300\" height=\"300\" \/><\/a><br \/>Tamanho: 1080x 1080<\/p>\n<p><a href=\"https:\/\/www.cig.gov.pt\/iniciativas-nacionais\/wp-content\/uploads\/2022\/11\/AF_RP_DIEVCM22_IG_Post_1080x1080_QRCode.png\" target=\"_blank\" rel=\"noopener\"><img loading=\"lazy\" class=\"wp-image-2911 alignnone size-medium\" src=\"https:\/\/www.cig.gov.pt\/iniciativas-nacionais\/wp-content\/uploads\/2022\/11\/AF_RP_DIEVCM22_IG_Post_1080x1080_QRCode-300x300.png\" alt=\"\" width=\"300\" height=\"300\" \/><\/a><br \/>Tamanho: 1080 x 1080 QR CODE<\/p>\n<p>&nbsp;<\/p>\n<p>&nbsp;<\/p>\n<p>[\/et_pb_text][\/et_pb_column][\/et_pb_row][\/et_pb_section][et_pb_section fb_built=&#8221;1&#8243; _builder_version=&#8221;4.13.0&#8243; _module_preset=&#8221;default&#8221; custom_margin=&#8221;40px||||false|false&#8221; custom_padding=&#8221;6px||7px|||&#8221; locked=&#8221;off&#8221; global_colors_info=&#8221;{}&#8221;][et_pb_row _builder_version=&#8221;4.13.0&#8243; _module_preset=&#8221;default&#8221; custom_padding=&#8221;7px||9px|||&#8221; global_colors_info=&#8221;{}&#8221;][et_pb_column type=&#8221;4_4&#8243; _builder_version=&#8221;4.13.0&#8243; _module_preset=&#8221;default&#8221; global_colors_info=&#8221;{}&#8221;][et_pb_image src=&#8221;https:\/\/www.cig.gov.pt\/iniciativas-nacionais\/wp-content\/uploads\/2022\/11\/22.jpg&#8221; alt=&#8221;Comiss\u00e3o para a Cidadania e a Igualdade de G\u00e9nero &#8211; CIG&#8221; title_text=&#8221;Comiss\u00e3o para a Cidadania e a Igualdade de G\u00e9nero &#8211; CIG&#8221; url=&#8221;https:\/\/www.cig.gov.pt\/&#8221; align=&#8221;center&#8221; _builder_version=&#8221;4.13.0&#8243; _module_preset=&#8221;default&#8221; global_colors_info=&#8221;{}&#8221;][\/et_pb_image][\/et_pb_column][\/et_pb_row][\/et_pb_section]<\/p>\n","protected":false},"excerpt":{"rendered":"<p>Materiais Para downloadV\u00eddeo ViolenciaDomestica_20seg_2022_NET.mp4 &nbsp; Ficheiros Clique nas imagens para fazer o download. Tamanho: 820 x 360 Tamanho: 476 x 249 Tamanho: 1080x 1080 Tamanho: 1080 x 1080 QR CODE &nbsp; &nbsp;<\/p>\n","protected":false},"author":3,"featured_media":0,"parent":0,"menu_order":0,"comment_status":"closed","ping_status":"closed","template":"page-template-blank.php","meta":{"_et_pb_use_builder":"on","_et_pb_old_content":"","_et_gb_content_width":""},"yoast_head":"<!-- This site is optimized with the Yoast SEO plugin v17.5 - https:\/\/yoast.com\/wordpress\/plugins\/seo\/ -->\n<title>Materiais campanha viol\u00eancia 2022 | P\u00fablico - Iniciativas Nacionais<\/title>\n<meta name=\"robots\" content=\"index, follow, max-snippet:-1, max-image-preview:large, max-video-preview:-1\" \/>\n<link rel=\"canonical\" href=\"https:\/\/www.cig.gov.pt\/iniciativas-nacionais\/materiais-campanha-violencia-2022-publico\/\" \/>\n<meta property=\"og:locale\" content=\"pt_PT\" \/>\n<meta property=\"og:type\" content=\"article\" \/>\n<meta property=\"og:title\" content=\"Materiais campanha viol\u00eancia 2022 | P\u00fablico - Iniciativas Nacionais\" \/>\n<meta property=\"og:description\" content=\"Materiais Para downloadV\u00eddeo ViolenciaDomestica_20seg_2022_NET.mp4 &nbsp; Ficheiros Clique nas imagens para fazer o download. Tamanho: 820 x 360 Tamanho: 476 x 249 Tamanho: 1080x 1080 Tamanho: 1080 x 1080 QR CODE &nbsp; &nbsp;\" \/>\n<meta property=\"og:url\" content=\"https:\/\/www.cig.gov.pt\/iniciativas-nacionais\/materiais-campanha-violencia-2022-publico\/\" \/>\n<meta property=\"og:site_name\" content=\"Iniciativas Nacionais\" \/>\n<meta property=\"article:modified_time\" content=\"2022-11-24T23:50:51+00:00\" \/>\n<meta property=\"og:image\" content=\"https:\/\/www.cig.gov.pt\/iniciativas-nacionais\/wp-content\/uploads\/2022\/11\/AF_RP_DIEVCM22_FB_Cover_820x360-300x132.png\" \/>\n<meta name=\"twitter:card\" content=\"summary_large_image\" \/>\n<meta name=\"twitter:label1\" content=\"Est. reading time\" \/>\n\t<meta name=\"twitter:data1\" content=\"2 minutos\" \/>\n<script type=\"application\/ld+json\" class=\"yoast-schema-graph\">{\"@context\":\"https:\/\/schema.org\",\"@graph\":[{\"@type\":\"WebSite\",\"@id\":\"https:\/\/www.cig.gov.pt\/iniciativas-nacionais\/#website\",\"url\":\"https:\/\/www.cig.gov.pt\/iniciativas-nacionais\/\",\"name\":\"Iniciativas Nacionais\",\"description\":\"\",\"potentialAction\":[{\"@type\":\"SearchAction\",\"target\":{\"@type\":\"EntryPoint\",\"urlTemplate\":\"https:\/\/www.cig.gov.pt\/iniciativas-nacionais\/?s={search_term_string}\"},\"query-input\":\"required name=search_term_string\"}],\"inLanguage\":\"pt-PT\"},{\"@type\":\"ImageObject\",\"@id\":\"https:\/\/www.cig.gov.pt\/iniciativas-nacionais\/materiais-campanha-violencia-2022-publico\/#primaryimage\",\"inLanguage\":\"pt-PT\",\"url\":\"https:\/\/www.cig.gov.pt\/iniciativas-nacionais\/wp-content\/uploads\/2022\/11\/AF_RP_DIEVCM22_FB_Cover_820x360.png\",\"contentUrl\":\"https:\/\/www.cig.gov.pt\/iniciativas-nacionais\/wp-content\/uploads\/2022\/11\/AF_RP_DIEVCM22_FB_Cover_820x360.png\",\"width\":1640,\"height\":720},{\"@type\":\"WebPage\",\"@id\":\"https:\/\/www.cig.gov.pt\/iniciativas-nacionais\/materiais-campanha-violencia-2022-publico\/#webpage\",\"url\":\"https:\/\/www.cig.gov.pt\/iniciativas-nacionais\/materiais-campanha-violencia-2022-publico\/\",\"name\":\"Materiais campanha viol\\u00eancia 2022 | P\\u00fablico - Iniciativas Nacionais\",\"isPartOf\":{\"@id\":\"https:\/\/www.cig.gov.pt\/iniciativas-nacionais\/#website\"},\"primaryImageOfPage\":{\"@id\":\"https:\/\/www.cig.gov.pt\/iniciativas-nacionais\/materiais-campanha-violencia-2022-publico\/#primaryimage\"},\"datePublished\":\"2022-11-24T23:41:48+00:00\",\"dateModified\":\"2022-11-24T23:50:51+00:00\",\"breadcrumb\":{\"@id\":\"https:\/\/www.cig.gov.pt\/iniciativas-nacionais\/materiais-campanha-violencia-2022-publico\/#breadcrumb\"},\"inLanguage\":\"pt-PT\",\"potentialAction\":[{\"@type\":\"ReadAction\",\"target\":[\"https:\/\/www.cig.gov.pt\/iniciativas-nacionais\/materiais-campanha-violencia-2022-publico\/\"]}]},{\"@type\":\"BreadcrumbList\",\"@id\":\"https:\/\/www.cig.gov.pt\/iniciativas-nacionais\/materiais-campanha-violencia-2022-publico\/#breadcrumb\",\"itemListElement\":[{\"@type\":\"ListItem\",\"position\":1,\"name\":\"Home\",\"item\":\"https:\/\/www.cig.gov.pt\/iniciativas-nacionais\/\"},{\"@type\":\"ListItem\",\"position\":2,\"name\":\"Materiais campanha viol\\u00eancia 2022 | P\\u00fablico\"}]}]}<\/script>\n<!-- \/ Yoast SEO plugin. -->","yoast_head_json":{"title":"Materiais campanha viol\u00eancia 2022 | P\u00fablico - Iniciativas Nacionais","robots":{"index":"index","follow":"follow","max-snippet":"max-snippet:-1","max-image-preview":"max-image-preview:large","max-video-preview":"max-video-preview:-1"},"canonical":"https:\/\/www.cig.gov.pt\/iniciativas-nacionais\/materiais-campanha-violencia-2022-publico\/","og_locale":"pt_PT","og_type":"article","og_title":"Materiais campanha viol\u00eancia 2022 | P\u00fablico - Iniciativas Nacionais","og_description":"Materiais Para downloadV\u00eddeo ViolenciaDomestica_20seg_2022_NET.mp4 &nbsp; Ficheiros Clique nas imagens para fazer o download. Tamanho: 820 x 360 Tamanho: 476 x 249 Tamanho: 1080x 1080 Tamanho: 1080 x 1080 QR CODE &nbsp; &nbsp;","og_url":"https:\/\/www.cig.gov.pt\/iniciativas-nacionais\/materiais-campanha-violencia-2022-publico\/","og_site_name":"Iniciativas Nacionais","article_modified_time":"2022-11-24T23:50:51+00:00","og_image":[{"url":"https:\/\/www.cig.gov.pt\/iniciativas-nacionais\/wp-content\/uploads\/2022\/11\/AF_RP_DIEVCM22_FB_Cover_820x360-300x132.png"}],"twitter_card":"summary_large_image","twitter_misc":{"Est. reading time":"2 minutos"},"schema":{"@context":"https:\/\/schema.org","@graph":[{"@type":"WebSite","@id":"https:\/\/www.cig.gov.pt\/iniciativas-nacionais\/#website","url":"https:\/\/www.cig.gov.pt\/iniciativas-nacionais\/","name":"Iniciativas Nacionais","description":"","potentialAction":[{"@type":"SearchAction","target":{"@type":"EntryPoint","urlTemplate":"https:\/\/www.cig.gov.pt\/iniciativas-nacionais\/?s={search_term_string}"},"query-input":"required name=search_term_string"}],"inLanguage":"pt-PT"},{"@type":"ImageObject","@id":"https:\/\/www.cig.gov.pt\/iniciativas-nacionais\/materiais-campanha-violencia-2022-publico\/#primaryimage","inLanguage":"pt-PT","url":"https:\/\/www.cig.gov.pt\/iniciativas-nacionais\/wp-content\/uploads\/2022\/11\/AF_RP_DIEVCM22_FB_Cover_820x360.png","contentUrl":"https:\/\/www.cig.gov.pt\/iniciativas-nacionais\/wp-content\/uploads\/2022\/11\/AF_RP_DIEVCM22_FB_Cover_820x360.png","width":1640,"height":720},{"@type":"WebPage","@id":"https:\/\/www.cig.gov.pt\/iniciativas-nacionais\/materiais-campanha-violencia-2022-publico\/#webpage","url":"https:\/\/www.cig.gov.pt\/iniciativas-nacionais\/materiais-campanha-violencia-2022-publico\/","name":"Materiais campanha viol\u00eancia 2022 | P\u00fablico - Iniciativas Nacionais","isPartOf":{"@id":"https:\/\/www.cig.gov.pt\/iniciativas-nacionais\/#website"},"primaryImageOfPage":{"@id":"https:\/\/www.cig.gov.pt\/iniciativas-nacionais\/materiais-campanha-violencia-2022-publico\/#primaryimage"},"datePublished":"2022-11-24T23:41:48+00:00","dateModified":"2022-11-24T23:50:51+00:00","breadcrumb":{"@id":"https:\/\/www.cig.gov.pt\/iniciativas-nacionais\/materiais-campanha-violencia-2022-publico\/#breadcrumb"},"inLanguage":"pt-PT","potentialAction":[{"@type":"ReadAction","target":["https:\/\/www.cig.gov.pt\/iniciativas-nacionais\/materiais-campanha-violencia-2022-publico\/"]}]},{"@type":"BreadcrumbList","@id":"https:\/\/www.cig.gov.pt\/iniciativas-nacionais\/materiais-campanha-violencia-2022-publico\/#breadcrumb","itemListElement":[{"@type":"ListItem","position":1,"name":"Home","item":"https:\/\/www.cig.gov.pt\/iniciativas-nacionais\/"},{"@type":"ListItem","position":2,"name":"Materiais campanha viol\u00eancia 2022 | P\u00fablico"}]}]}},"_links":{"self":[{"href":"https:\/\/www.cig.gov.pt\/iniciativas-nacionais\/wp-json\/wp\/v2\/pages\/2905"}],"collection":[{"href":"https:\/\/www.cig.gov.pt\/iniciativas-nacionais\/wp-json\/wp\/v2\/pages"}],"about":[{"href":"https:\/\/www.cig.gov.pt\/iniciativas-nacionais\/wp-json\/wp\/v2\/types\/page"}],"author":[{"embeddable":true,"href":"https:\/\/www.cig.gov.pt\/iniciativas-nacionais\/wp-json\/wp\/v2\/users\/3"}],"replies":[{"embeddable":true,"href":"https:\/\/www.cig.gov.pt\/iniciativas-nacionais\/wp-json\/wp\/v2\/comments?post=2905"}],"version-history":[{"count":7,"href":"https:\/\/www.cig.gov.pt\/iniciativas-nacionais\/wp-json\/wp\/v2\/pages\/2905\/revisions"}],"predecessor-version":[{"id":2919,"href":"https:\/\/www.cig.gov.pt\/iniciativas-nacionais\/wp-json\/wp\/v2\/pages\/2905\/revisions\/2919"}],"wp:attachment":[{"href":"https:\/\/www.cig.gov.pt\/iniciativas-nacionais\/wp-json\/wp\/v2\/media?parent=2905"}],"curies":[{"name":"wp","href":"https:\/\/api.w.org\/{rel}","templated":true}]}}