{"id":2875,"date":"2022-11-24T14:21:19","date_gmt":"2022-11-24T14:21:19","guid":{"rendered":"https:\/\/www.cig.gov.pt\/iniciativas-nacionais\/?page_id=2875"},"modified":"2022-11-24T16:29:04","modified_gmt":"2022-11-24T16:29:04","slug":"materiais-campanha-contra-a-violencia-2022","status":"publish","type":"page","link":"https:\/\/www.cig.gov.pt\/iniciativas-nacionais\/materiais-campanha-contra-a-violencia-2022\/","title":{"rendered":"Materiais Campanha Contra a Viol\u00eancia 2022"},"content":{"rendered":"<p>[et_pb_section fb_built=&#8221;1&#8243; _builder_version=&#8221;4.13.0&#8243; _module_preset=&#8221;default&#8221; background_color=&#8221;#f1efed&#8221; custom_margin=&#8221;0px||0px||false|false&#8221; custom_padding=&#8221;0px||0px||false|false&#8221; global_colors_info=&#8221;{}&#8221;][et_pb_row _builder_version=&#8221;4.13.0&#8243; _module_preset=&#8221;default&#8221; custom_margin=&#8221;0px||0px||false|false&#8221; custom_padding=&#8221;0px||0px||false|false&#8221; global_colors_info=&#8221;{}&#8221;][et_pb_column type=&#8221;4_4&#8243; _builder_version=&#8221;4.13.0&#8243; _module_preset=&#8221;default&#8221; global_colors_info=&#8221;{}&#8221;][et_pb_image src=&#8221;https:\/\/www.cig.gov.pt\/iniciativas-nacionais\/wp-content\/uploads\/2022\/11\/AF_RP_DIECVM22_2120x850_Crr.png&#8221; alt=&#8221;II F\u00f3rum &#8211; Portugal Contra a Viol\u00eancia&#8221; title_text=&#8221;II F\u00f3rum &#8211; Portugal Contra a Viol\u00eancia&#8221; align=&#8221;center&#8221; _builder_version=&#8221;4.13.0&#8243; _module_preset=&#8221;default&#8221; global_colors_info=&#8221;{}&#8221;][\/et_pb_image][\/et_pb_column][\/et_pb_row][\/et_pb_section][et_pb_section fb_built=&#8221;1&#8243; _builder_version=&#8221;4.13.0&#8243; _module_preset=&#8221;default&#8221; background_color=&#8221;rgba(0,0,0,0.04)&#8221; global_colors_info=&#8221;{}&#8221;][et_pb_row module_id=&#8221;sobre&#8221; _builder_version=&#8221;4.13.0&#8243; _module_preset=&#8221;default&#8221; custom_margin=&#8221;||0px||false|false&#8221; custom_padding=&#8221;||0px||false|false&#8221; locked=&#8221;off&#8221; global_colors_info=&#8221;{}&#8221;][et_pb_column type=&#8221;4_4&#8243; _builder_version=&#8221;4.13.0&#8243; _module_preset=&#8221;default&#8221; global_colors_info=&#8221;{}&#8221;][et_pb_text _builder_version=&#8221;4.13.0&#8243; _module_preset=&#8221;default&#8221; header_3_font=&#8221;Montserrat|800|||||||&#8221; header_3_text_color=&#8221;rgba(0,0,0,0.58)&#8221; header_3_font_size=&#8221;38px&#8221; header_4_font=&#8221;Montserrat||||||||&#8221; module_alignment=&#8221;left&#8221; custom_padding=&#8221;6px|||||&#8221; header_3_font_size_tablet=&#8221;36px&#8221; header_3_font_size_phone=&#8221;28px&#8221; header_3_font_size_last_edited=&#8221;on|phone&#8221; locked=&#8221;off&#8221; global_colors_info=&#8221;{}&#8221;]<\/p>\n<h3>Materiais<\/h3>\n<h4><strong>Para download<\/strong><\/h4>\n<p>[\/et_pb_text][\/et_pb_column][\/et_pb_row][et_pb_row _builder_version=&#8221;4.13.0&#8243; _module_preset=&#8221;default&#8221; global_colors_info=&#8221;{}&#8221;][et_pb_column type=&#8221;4_4&#8243; _builder_version=&#8221;4.13.0&#8243; _module_preset=&#8221;default&#8221; global_colors_info=&#8221;{}&#8221;][et_pb_text _builder_version=&#8221;4.13.0&#8243; _module_preset=&#8221;default&#8221; text_font=&#8221;Poppins|300|||||||&#8221; text_text_color=&#8221;rgba(0,0,0,0.8)&#8221; text_font_size=&#8221;18px&#8221; hover_enabled=&#8221;0&#8243; global_colors_info=&#8221;{}&#8221; sticky_enabled=&#8221;0&#8243;]<\/p>\n<p>Pasta<strong> com Materiais:<\/strong><\/p>\n<ul>\n<li><a href=\"https:\/\/cld.pt\/dl\/download\/24ac3286-dbf7-4a43-acb1-78a1f6c041be\/AF_RP_DIEVCM22-20221124T141326Z-001.zip?download=true\">AF_RP_DIEVCM22<\/a><\/li>\n<\/ul>\n<p><strong>V\u00eddeos<\/strong><\/p>\n<ul>\n<li><a href=\"https:\/\/cld.pt\/dl\/download\/4760ca49-abf1-400e-a64f-eca11fc2e2de\/ViolenciaDomestica_20seg_2022_NET.mp4?download=true\">ViolenciaDomestica_20seg_2022_NET.mp4<\/a><\/li>\n<li><a href=\"https:\/\/cld.pt\/dl\/download\/ddeb8805-4032-4439-b1fd-227ad99c98d2\/ViolenciaDomestica_20seg_2022_TV.mxf?download=true\">ViolenciaDomestica_20seg_2022_TV.mxf<\/a><\/li>\n<li><a href=\"https:\/\/cld.pt\/dl\/download\/b885f627-0be7-4358-9fc7-55677e5dfff2\/ViolenciaDomestica_20seg_2022_TV_LogPub.mxf?download=true\">ViolenciaDomestica_20seg_2022_TV_LogPub.mxf<\/a><\/li>\n<li><a href=\"https:\/\/cld.pt\/dl\/download\/1901a228-8395-47e5-a9ef-8494f30f92af\/ViolenciaDomestica_40seg_2022_NET.mp4?download=true\">ViolenciaDomestica_40seg_2022_NET.mp4<\/a><\/li>\n<\/ul>\n<p><strong>Som<\/strong><\/p>\n<ul>\n<li><a href=\"https:\/\/cld.pt\/dl\/download\/2bae1d30-82aa-464c-8c09-d784aa5012cb\/150-21%20Violencia%20Domestica%20-%20RD20s%20ALTR.mp3?download=true\">150-21 Violencia Domestica &#8211; RD20s ALTR.mp3<\/a><\/li>\n<\/ul>\n<p><strong><\/strong><\/p>\n<p><strong>Ficheiros<\/strong><\/p>\n<p><a href=\"https:\/\/we.tl\/t-Rk7cuIzpPg\" target=\"_blank\" rel=\"noopener\">AF_RP_DIEVCM22_1<\/a><br \/>Digital<br \/>\u2192 Facebook<br \/>\u2192 Instagram<br \/>\u2192 Fertagus \u2013 Site<\/p>\n<p><a href=\"https:\/\/we.tl\/t-XGJxnEQlKM\" target=\"_blank\" rel=\"noopener\">AF_RP_DIEVCM22_2<\/a><br \/>Digital<br \/>\u2192 Banners<\/p>\n<p><a href=\"https:\/\/we.tl\/t-lRKwQ8Q4xV\" target=\"_blank\" rel=\"noopener\">AF_RP_DIEVCM22_3<\/a><br \/>Digital<br \/>\u2192 Metro Lisboa \u2013 Site<br \/>\u2192 Metro Lisboa \u2013 Portal<\/p>\n<p><a href=\"https:\/\/we.tl\/t-XnzGGPe5nM\" target=\"_blank\" rel=\"noopener\">AF_RP_DIEVCM22_4<\/a><br \/>Print<br \/>\u2192 Autocarros<br \/>\u2192 Cartazes<br \/>\u2192 Imprensa<\/p>\n<p>[\/et_pb_text][\/et_pb_column][\/et_pb_row][\/et_pb_section][et_pb_section fb_built=&#8221;1&#8243; _builder_version=&#8221;4.13.0&#8243; _module_preset=&#8221;default&#8221; custom_margin=&#8221;40px||||false|false&#8221; custom_padding=&#8221;6px||7px|||&#8221; locked=&#8221;off&#8221; global_colors_info=&#8221;{}&#8221;][et_pb_row _builder_version=&#8221;4.13.0&#8243; _module_preset=&#8221;default&#8221; custom_padding=&#8221;7px||9px|||&#8221; global_colors_info=&#8221;{}&#8221;][et_pb_column type=&#8221;4_4&#8243; _builder_version=&#8221;4.13.0&#8243; _module_preset=&#8221;default&#8221; global_colors_info=&#8221;{}&#8221;][et_pb_image src=&#8221;https:\/\/www.cig.gov.pt\/iniciativas-nacionais\/wp-content\/uploads\/2022\/11\/22.jpg&#8221; alt=&#8221;Comiss\u00e3o para a Cidadania e a Igualdade de G\u00e9nero &#8211; CIG&#8221; title_text=&#8221;Comiss\u00e3o para a Cidadania e a Igualdade de G\u00e9nero &#8211; CIG&#8221; url=&#8221;https:\/\/www.cig.gov.pt\/&#8221; align=&#8221;center&#8221; _builder_version=&#8221;4.13.0&#8243; _module_preset=&#8221;default&#8221; global_colors_info=&#8221;{}&#8221;][\/et_pb_image][\/et_pb_column][\/et_pb_row][\/et_pb_section]<\/p>\n","protected":false},"excerpt":{"rendered":"<p>Materiais Para downloadPasta com Materiais: AF_RP_DIEVCM22 V\u00eddeos ViolenciaDomestica_20seg_2022_NET.mp4 ViolenciaDomestica_20seg_2022_TV.mxf ViolenciaDomestica_20seg_2022_TV_LogPub.mxf ViolenciaDomestica_40seg_2022_NET.mp4 Som 150-21 Violencia Domestica &#8211; RD20s ALTR.mp3 Ficheiros AF_RP_DIEVCM22_1Digital\u2192 Facebook\u2192 Instagram\u2192 Fertagus \u2013 Site AF_RP_DIEVCM22_2Digital\u2192 Banners AF_RP_DIEVCM22_3Digital\u2192 Metro Lisboa \u2013 Site\u2192 Metro Lisboa \u2013 Portal AF_RP_DIEVCM22_4Print\u2192 Autocarros\u2192 Cartazes\u2192 Imprensa<\/p>\n","protected":false},"author":1,"featured_media":0,"parent":0,"menu_order":0,"comment_status":"closed","ping_status":"closed","template":"page-template-blank.php","meta":{"_et_pb_use_builder":"on","_et_pb_old_content":"","_et_gb_content_width":""},"yoast_head":"<!-- This site is optimized with the Yoast SEO plugin v17.5 - https:\/\/yoast.com\/wordpress\/plugins\/seo\/ -->\n<title>Materiais Campanha Contra a Viol\u00eancia 2022 - Iniciativas Nacionais<\/title>\n<meta name=\"robots\" content=\"index, follow, max-snippet:-1, max-image-preview:large, max-video-preview:-1\" \/>\n<link rel=\"canonical\" href=\"https:\/\/www.cig.gov.pt\/iniciativas-nacionais\/materiais-campanha-contra-a-violencia-2022\/\" \/>\n<meta property=\"og:locale\" content=\"pt_PT\" \/>\n<meta property=\"og:type\" content=\"article\" \/>\n<meta property=\"og:title\" content=\"Materiais Campanha Contra a Viol\u00eancia 2022 - Iniciativas Nacionais\" \/>\n<meta property=\"og:description\" content=\"Materiais Para downloadPasta com Materiais: AF_RP_DIEVCM22 V\u00eddeos ViolenciaDomestica_20seg_2022_NET.mp4 ViolenciaDomestica_20seg_2022_TV.mxf ViolenciaDomestica_20seg_2022_TV_LogPub.mxf ViolenciaDomestica_40seg_2022_NET.mp4 Som 150-21 Violencia Domestica - RD20s ALTR.mp3 Ficheiros AF_RP_DIEVCM22_1Digital\u2192 Facebook\u2192 Instagram\u2192 Fertagus \u2013 Site AF_RP_DIEVCM22_2Digital\u2192 Banners AF_RP_DIEVCM22_3Digital\u2192 Metro Lisboa \u2013 Site\u2192 Metro Lisboa \u2013 Portal AF_RP_DIEVCM22_4Print\u2192 Autocarros\u2192 Cartazes\u2192 Imprensa\" \/>\n<meta property=\"og:url\" content=\"https:\/\/www.cig.gov.pt\/iniciativas-nacionais\/materiais-campanha-contra-a-violencia-2022\/\" \/>\n<meta property=\"og:site_name\" content=\"Iniciativas Nacionais\" \/>\n<meta property=\"article:modified_time\" content=\"2022-11-24T16:29:04+00:00\" \/>\n<meta name=\"twitter:card\" content=\"summary_large_image\" \/>\n<meta name=\"twitter:label1\" content=\"Est. reading time\" \/>\n\t<meta name=\"twitter:data1\" content=\"2 minutos\" \/>\n<script type=\"application\/ld+json\" class=\"yoast-schema-graph\">{\"@context\":\"https:\/\/schema.org\",\"@graph\":[{\"@type\":\"WebSite\",\"@id\":\"https:\/\/www.cig.gov.pt\/iniciativas-nacionais\/#website\",\"url\":\"https:\/\/www.cig.gov.pt\/iniciativas-nacionais\/\",\"name\":\"Iniciativas Nacionais\",\"description\":\"\",\"potentialAction\":[{\"@type\":\"SearchAction\",\"target\":{\"@type\":\"EntryPoint\",\"urlTemplate\":\"https:\/\/www.cig.gov.pt\/iniciativas-nacionais\/?s={search_term_string}\"},\"query-input\":\"required name=search_term_string\"}],\"inLanguage\":\"pt-PT\"},{\"@type\":\"WebPage\",\"@id\":\"https:\/\/www.cig.gov.pt\/iniciativas-nacionais\/materiais-campanha-contra-a-violencia-2022\/#webpage\",\"url\":\"https:\/\/www.cig.gov.pt\/iniciativas-nacionais\/materiais-campanha-contra-a-violencia-2022\/\",\"name\":\"Materiais Campanha Contra a Viol\\u00eancia 2022 - Iniciativas Nacionais\",\"isPartOf\":{\"@id\":\"https:\/\/www.cig.gov.pt\/iniciativas-nacionais\/#website\"},\"datePublished\":\"2022-11-24T14:21:19+00:00\",\"dateModified\":\"2022-11-24T16:29:04+00:00\",\"breadcrumb\":{\"@id\":\"https:\/\/www.cig.gov.pt\/iniciativas-nacionais\/materiais-campanha-contra-a-violencia-2022\/#breadcrumb\"},\"inLanguage\":\"pt-PT\",\"potentialAction\":[{\"@type\":\"ReadAction\",\"target\":[\"https:\/\/www.cig.gov.pt\/iniciativas-nacionais\/materiais-campanha-contra-a-violencia-2022\/\"]}]},{\"@type\":\"BreadcrumbList\",\"@id\":\"https:\/\/www.cig.gov.pt\/iniciativas-nacionais\/materiais-campanha-contra-a-violencia-2022\/#breadcrumb\",\"itemListElement\":[{\"@type\":\"ListItem\",\"position\":1,\"name\":\"Home\",\"item\":\"https:\/\/www.cig.gov.pt\/iniciativas-nacionais\/\"},{\"@type\":\"ListItem\",\"position\":2,\"name\":\"Materiais Campanha Contra a Viol\\u00eancia 2022\"}]}]}<\/script>\n<!-- \/ Yoast SEO plugin. -->","yoast_head_json":{"title":"Materiais Campanha Contra a Viol\u00eancia 2022 - Iniciativas Nacionais","robots":{"index":"index","follow":"follow","max-snippet":"max-snippet:-1","max-image-preview":"max-image-preview:large","max-video-preview":"max-video-preview:-1"},"canonical":"https:\/\/www.cig.gov.pt\/iniciativas-nacionais\/materiais-campanha-contra-a-violencia-2022\/","og_locale":"pt_PT","og_type":"article","og_title":"Materiais Campanha Contra a Viol\u00eancia 2022 - Iniciativas Nacionais","og_description":"Materiais Para downloadPasta com Materiais: AF_RP_DIEVCM22 V\u00eddeos ViolenciaDomestica_20seg_2022_NET.mp4 ViolenciaDomestica_20seg_2022_TV.mxf ViolenciaDomestica_20seg_2022_TV_LogPub.mxf ViolenciaDomestica_40seg_2022_NET.mp4 Som 150-21 Violencia Domestica - RD20s ALTR.mp3 Ficheiros AF_RP_DIEVCM22_1Digital\u2192 Facebook\u2192 Instagram\u2192 Fertagus \u2013 Site AF_RP_DIEVCM22_2Digital\u2192 Banners AF_RP_DIEVCM22_3Digital\u2192 Metro Lisboa \u2013 Site\u2192 Metro Lisboa \u2013 Portal AF_RP_DIEVCM22_4Print\u2192 Autocarros\u2192 Cartazes\u2192 Imprensa","og_url":"https:\/\/www.cig.gov.pt\/iniciativas-nacionais\/materiais-campanha-contra-a-violencia-2022\/","og_site_name":"Iniciativas Nacionais","article_modified_time":"2022-11-24T16:29:04+00:00","twitter_card":"summary_large_image","twitter_misc":{"Est. reading time":"2 minutos"},"schema":{"@context":"https:\/\/schema.org","@graph":[{"@type":"WebSite","@id":"https:\/\/www.cig.gov.pt\/iniciativas-nacionais\/#website","url":"https:\/\/www.cig.gov.pt\/iniciativas-nacionais\/","name":"Iniciativas Nacionais","description":"","potentialAction":[{"@type":"SearchAction","target":{"@type":"EntryPoint","urlTemplate":"https:\/\/www.cig.gov.pt\/iniciativas-nacionais\/?s={search_term_string}"},"query-input":"required name=search_term_string"}],"inLanguage":"pt-PT"},{"@type":"WebPage","@id":"https:\/\/www.cig.gov.pt\/iniciativas-nacionais\/materiais-campanha-contra-a-violencia-2022\/#webpage","url":"https:\/\/www.cig.gov.pt\/iniciativas-nacionais\/materiais-campanha-contra-a-violencia-2022\/","name":"Materiais Campanha Contra a Viol\u00eancia 2022 - Iniciativas Nacionais","isPartOf":{"@id":"https:\/\/www.cig.gov.pt\/iniciativas-nacionais\/#website"},"datePublished":"2022-11-24T14:21:19+00:00","dateModified":"2022-11-24T16:29:04+00:00","breadcrumb":{"@id":"https:\/\/www.cig.gov.pt\/iniciativas-nacionais\/materiais-campanha-contra-a-violencia-2022\/#breadcrumb"},"inLanguage":"pt-PT","potentialAction":[{"@type":"ReadAction","target":["https:\/\/www.cig.gov.pt\/iniciativas-nacionais\/materiais-campanha-contra-a-violencia-2022\/"]}]},{"@type":"BreadcrumbList","@id":"https:\/\/www.cig.gov.pt\/iniciativas-nacionais\/materiais-campanha-contra-a-violencia-2022\/#breadcrumb","itemListElement":[{"@type":"ListItem","position":1,"name":"Home","item":"https:\/\/www.cig.gov.pt\/iniciativas-nacionais\/"},{"@type":"ListItem","position":2,"name":"Materiais Campanha Contra a Viol\u00eancia 2022"}]}]}},"_links":{"self":[{"href":"https:\/\/www.cig.gov.pt\/iniciativas-nacionais\/wp-json\/wp\/v2\/pages\/2875"}],"collection":[{"href":"https:\/\/www.cig.gov.pt\/iniciativas-nacionais\/wp-json\/wp\/v2\/pages"}],"about":[{"href":"https:\/\/www.cig.gov.pt\/iniciativas-nacionais\/wp-json\/wp\/v2\/types\/page"}],"author":[{"embeddable":true,"href":"https:\/\/www.cig.gov.pt\/iniciativas-nacionais\/wp-json\/wp\/v2\/users\/1"}],"replies":[{"embeddable":true,"href":"https:\/\/www.cig.gov.pt\/iniciativas-nacionais\/wp-json\/wp\/v2\/comments?post=2875"}],"version-history":[{"count":10,"href":"https:\/\/www.cig.gov.pt\/iniciativas-nacionais\/wp-json\/wp\/v2\/pages\/2875\/revisions"}],"predecessor-version":[{"id":2897,"href":"https:\/\/www.cig.gov.pt\/iniciativas-nacionais\/wp-json\/wp\/v2\/pages\/2875\/revisions\/2897"}],"wp:attachment":[{"href":"https:\/\/www.cig.gov.pt\/iniciativas-nacionais\/wp-json\/wp\/v2\/media?parent=2875"}],"curies":[{"name":"wp","href":"https:\/\/api.w.org\/{rel}","templated":true}]}}