{"id":4736,"date":"2019-10-07T22:05:50","date_gmt":"2019-10-07T22:05:50","guid":{"rendered":"https:\/\/www.cig.gov.pt\/divulgar\/?page_id=4736"},"modified":"2022-02-03T10:42:00","modified_gmt":"2022-02-03T10:42:00","slug":"subscrever","status":"publish","type":"page","link":"https:\/\/www.cig.gov.pt\/divulgar\/subscrever\/","title":{"rendered":"Subscrever"},"content":{"rendered":"<p><!-- \n\n<img loading=\"lazy\" class=\"alignnone wp-image-4788 size-full\" src=\"https:\/\/www.cig.gov.pt\/divulgar\/wp-content\/uploads\/2019\/11\/notocias.png\" alt=\"Not\u00edcias CIG\" width=\"240\" height=\"38\" \/>\n[wysija_form id=\"2\"]\n\n\n<h3>Newsletters CIG<\/h3>\n\n\n\n\n<div class=\"align-block\">\n\n[caption id=\"attachment_4408\" align=\"alignnone\" width=\"192\"]<a href=\"https:\/\/www.cig.gov.pt\/divulgar\/?wysija-page=1&amp;controller=email&amp;action=view&amp;email_id=84&amp;user_id=0&amp;wysijap=subscriptions&amp;user_id=1\" target=\"_blank\" rel=\"noopener noreferrer\"><img loading=\"lazy\" class=\"wp-image-4408 size-full\" src=\"https:\/\/www.cig.gov.pt\/divulgar\/wp-content\/uploads\/2017\/09\/setembro2017thumb.png\" alt=\"Newsletter CIG (Maio 2019)\" width=\"192\" height=\"111\" \/><\/a> Newsletter CIG (Maio 2019)[\/caption]\n\n[caption id=\"attachment_4408\" align=\"alignnone\" width=\"192\"]<a href=\"https:\/\/www.cig.gov.pt\/divulgar\/?wysija-page=1&amp;controller=email&amp;action=view&amp;email_id=51&amp;wysijap=subscriptions&amp;user_id=1\" target=\"_blank\" rel=\"noopener noreferrer\"><img loading=\"lazy\" class=\"wp-image-4408 size-full\" src=\"https:\/\/www.cig.gov.pt\/divulgar\/wp-content\/uploads\/2018\/11\/newslnovem18.png\" alt=\"Newsletter CIG (Novembro 2018)\" width=\"192\" height=\"111\" \/><\/a> Newsletter CIG (Nov. 2018)[\/caption]\n\n[caption id=\"attachment_4408\" align=\"alignnone\" width=\"192\"]<a href=\"https:\/\/www.cig.gov.pt\/divulgar\/?wysija-page=1&amp;controller=email&amp;action=view&amp;email_id=26&amp;wysijap=subscriptions&amp;user_id=1\" target=\"_blank\" rel=\"noopener noreferrer\"><img loading=\"lazy\" class=\"wp-image-4408 size-full\" src=\"https:\/\/www.cig.gov.pt\/wp-content\/uploads\/2018\/05\/newslmaio18.png\" alt=\"Newsletter CIG (Maio 2018)\" width=\"192\" height=\"111\" \/><\/a> Newsletter CIG (Maio 2018)[\/caption]\n\n[caption id=\"attachment_4408\" align=\"alignnone\" width=\"192\"]<a href=\"https:\/\/goo.gl\/a4BCGS\" target=\"_blank\" rel=\"noopener noreferrer\"><img loading=\"lazy\" class=\"wp-image-4408 size-full\" src=\"https:\/\/www.cig.gov.pt\/divulgar\/wp-content\/uploads\/2017\/09\/setembro2017thumb.png\" alt=\"Newsletter CIG (setembro 2017)\" width=\"192\" height=\"111\" \/><\/a> Newsletter CIG (Setem. 2017)[\/caption]\n\n[caption id=\"attachment_4408\" align=\"alignnone\" width=\"192\"]<a href=\"https:\/\/goo.gl\/nKs8HP\" target=\"_blank\" rel=\"noopener noreferrer\"><img loading=\"lazy\" class=\"wp-image-4408 size-full\" src=\"https:\/\/www.cig.gov.pt\/divulgar\/wp-content\/uploads\/2017\/07\/newslmaio17.png\" alt=\"Newsletter CIG (Maio 2017)\" width=\"192\" height=\"111\" \/><\/a> Newsletter CIG (Maio 2017)[\/caption]\n\n<\/div>\n\n\n<span style=\"color: #ffffff;\">_<\/span>\n\n\n\n<hr \/>\n\n\n\n --><br \/>\n<span style=\"color: #ffffff;\">_<\/span><br \/>\n<img loading=\"lazy\" class=\"alignnone wp-image-4787 size-full\" src=\"https:\/\/www.cig.gov.pt\/divulgar\/wp-content\/uploads\/2019\/11\/boletinscig.png\" alt=\"\" width=\"240\" height=\"38\" \/><br \/>\n<div class=\"widget_wysija_cont shortcode_wysija\"><div id=\"msg-form-wysija-shortcode69e354e882347-4\" class=\"wysija-msg ajax\"><\/div><form id=\"form-wysija-shortcode69e354e882347-4\" method=\"post\" action=\"#wysija\" class=\"widget_wysija shortcode_wysija\">\n<p class=\"wysija-paragraph\">\n    <label>Nome<\/label>\n    \n    \t<input type=\"text\" name=\"wysija[user][firstname]\" class=\"wysija-input \" title=\"Nome\"  value=\"\" \/>\n    \n    \n    \n    <span class=\"abs-req\">\n        <input type=\"text\" name=\"wysija[user][abs][firstname]\" class=\"wysija-input validated[abs][firstname]\" value=\"\" \/>\n    <\/span>\n    \n<\/p>\n<p class=\"wysija-paragraph\">\n    <label>E-mail <span class=\"wysija-required\">*<\/span><\/label>\n    \n    \t<input type=\"text\" name=\"wysija[user][email]\" class=\"wysija-input validate[required,custom[email]]\" title=\"E-mail\"  value=\"\" \/>\n    \n    \n    \n    <span class=\"abs-req\">\n        <input type=\"text\" name=\"wysija[user][abs][email]\" class=\"wysija-input validated[abs][email]\" value=\"\" \/>\n    <\/span>\n    \n<\/p>\n\n<p class=\"wysija-paragraph\">Os dados pessoais indicados no presente formul\u00e1rio s\u00e3o tratados nos termos da pol\u00edtica de privacidade da CIG dispon\u00edvel em <a href=\"https:\/\/www.cig.gov.pt\/declaracao-de-privacidade\/\" target=\"_blank\" rel=\"noopener\">https:\/\/www.cig.gov.pt\/declaracao-de-privacidade<\/a><\/p>\n<p class=\"wysija-paragraph\">\n\t<label>Pol\u00edtica de privacidade<\/label>\n\t<input type=\"hidden\" name=\"wysija[field][cf_3]\" value=\"0\" \/>\n    \n    \t<label class=\"wysija-checkbox-label\"><input type=\"checkbox\" class=\"wysija-checkbox validate[required]\" name=\"wysija[field][cf_3]\" value=\"1\"  \/>Tomei conhecimento da pol\u00edtica de privacidade da CIG<\/label>\n    \n<\/p>\n<p class=\"wysija-paragraph\">\n\t<label>Autoriza\u00e7\u00e3o Dados Pessoais<\/label>\n\t<input type=\"hidden\" name=\"wysija[field][cf_4]\" value=\"0\" \/>\n    \n    \t<label class=\"wysija-checkbox-label\"><input type=\"checkbox\" class=\"wysija-checkbox validate[required]\" name=\"wysija[field][cf_4]\" value=\"1\"  \/>Autorizo a utiliza\u00e7\u00e3o dos dados pessoais facultados para efeitos de submiss\u00e3o do presente formul\u00e1rio<\/label>\n    \n<\/p>\n\r\n<input class=\"wysija-submit wysija-submit-field\" type=\"submit\" value=\"Subscrever\" \/>\n\n    <input type=\"hidden\" name=\"form_id\" value=\"4\" \/>\n    <input type=\"hidden\" name=\"action\" value=\"save\" \/>\n    <input type=\"hidden\" name=\"controller\" value=\"subscribers\" \/>\n    <input type=\"hidden\" value=\"1\" name=\"wysija-page\" \/>\n\n    \n        <input type=\"hidden\" name=\"wysija[user_list][list_ids]\" value=\"50\" \/>\n    \n <\/form><\/div><\/p>\n<h3>Boletins Informativos CID<\/h3>\n<div class=\"align-block\">\n<div id=\"attachment_4408\" style=\"width: 202px\" class=\"wp-caption alignnone\"><a href=\"https:\/\/bit.ly\/3qJvwUc\" target=\"_blank\" rel=\"noopener noreferrer\"><img aria-describedby=\"caption-attachment-4408\" loading=\"lazy\" class=\"wp-image-4408 size-full\" src=\"https:\/\/www.cig.gov.pt\/divulgar\/wp-content\/uploads\/2021\/02\/cidjanfev21R.jpg\" alt=\"Boletim n.\u00ba 24 (Janeiro\/Fevereiro 2021)\" width=\"192\" height=\"111\" \/><\/a><p id=\"caption-attachment-4408\" class=\"wp-caption-text\">Boletim n.\u00ba 24 (Jan.\/Fev. 2021)<\/p><\/div>\n<div id=\"attachment_4408\" style=\"width: 202px\" class=\"wp-caption alignnone\"><a href=\"https:\/\/bit.ly\/2KNXLBd\" target=\"_blank\" rel=\"noopener noreferrer\"><img aria-describedby=\"caption-attachment-4408\" loading=\"lazy\" class=\"wp-image-4408 size-full\" src=\"https:\/\/www.cig.gov.pt\/wp-content\/uploads\/2019\/11\/bi10.jpg\" alt=\"Boletim n.\u00ba 23 (Dezembro 2020)\" width=\"192\" height=\"111\" \/><\/a><p id=\"caption-attachment-4408\" class=\"wp-caption-text\">Boletim n.\u00ba 23 (Dezembro 2020)<\/p><\/div>\n<div id=\"attachment_4408\" style=\"width: 202px\" class=\"wp-caption alignnone\"><a href=\"https:\/\/bit.ly\/3mZOEuj\" target=\"_blank\" rel=\"noopener noreferrer\"><img aria-describedby=\"caption-attachment-4408\" loading=\"lazy\" class=\"wp-image-4408 size-full\" src=\"https:\/\/www.cig.gov.pt\/wp-content\/uploads\/2019\/11\/bi10.jpg\" alt=\"Boletim n.\u00ba 22 (Novembro 2020)\" width=\"192\" height=\"111\" \/><\/a><p id=\"caption-attachment-4408\" class=\"wp-caption-text\">Boletim n.\u00ba 22 (Novembro 2020)<\/p><\/div>\n<div id=\"attachment_4408\" style=\"width: 202px\" class=\"wp-caption alignnone\"><a href=\"https:\/\/bit.ly\/2TLTkYA\" target=\"_blank\" rel=\"noopener noreferrer\"><img aria-describedby=\"caption-attachment-4408\" loading=\"lazy\" class=\"wp-image-4408 size-full\" src=\"https:\/\/www.cig.gov.pt\/wp-content\/uploads\/2019\/11\/bi10.jpg\" alt=\"Boletim n.\u00ba 21 (Outubro 2020)\" width=\"192\" height=\"111\" \/><\/a><p id=\"caption-attachment-4408\" class=\"wp-caption-text\">Boletim n.\u00ba 21 (Outubro 2020)<\/p><\/div>\n<div id=\"attachment_4408\" style=\"width: 202px\" class=\"wp-caption alignnone\"><a href=\"https:\/\/bit.ly\/3iUBHki\" target=\"_blank\" rel=\"noopener noreferrer\"><img aria-describedby=\"caption-attachment-4408\" loading=\"lazy\" class=\"wp-image-4408 size-full\" src=\"https:\/\/www.cig.gov.pt\/wp-content\/uploads\/2019\/11\/bi10.jpg\" alt=\"Boletim n.\u00ba 20 (Setembro 2020)\" width=\"192\" height=\"111\" \/><\/a><p id=\"caption-attachment-4408\" class=\"wp-caption-text\">Boletim n.\u00ba 20 (Setembro 2020)<\/p><\/div>\n<div id=\"attachment_4408\" style=\"width: 202px\" class=\"wp-caption alignnone\"><a href=\"https:\/\/bit.ly\/32fBph0\" target=\"_blank\" rel=\"noopener noreferrer\"><img aria-describedby=\"caption-attachment-4408\" loading=\"lazy\" class=\"wp-image-4408 size-full\" src=\"https:\/\/www.cig.gov.pt\/wp-content\/uploads\/2019\/11\/bi10.jpg\" alt=\"Boletim n.\u00ba 19 (Agosto 2020)\" width=\"192\" height=\"111\" \/><\/a><p id=\"caption-attachment-4408\" class=\"wp-caption-text\">Boletim n.\u00ba 19 (Agosto 2020)<\/p><\/div>\n<div id=\"attachment_4408\" style=\"width: 202px\" class=\"wp-caption alignnone\"><a href=\"https:\/\/bit.ly\/39j9aRB\" target=\"_blank\" rel=\"noopener noreferrer\"><img aria-describedby=\"caption-attachment-4408\" loading=\"lazy\" class=\"wp-image-4408 size-full\" src=\"https:\/\/www.cig.gov.pt\/wp-content\/uploads\/2019\/11\/bi10.jpg\" alt=\"Boletim n.\u00ba 18 (Julho 2020)\" width=\"192\" height=\"111\" \/><\/a><p id=\"caption-attachment-4408\" class=\"wp-caption-text\">Boletim n.\u00ba 18 (Julho 2020)<\/p><\/div>\n<div id=\"attachment_4408\" style=\"width: 202px\" class=\"wp-caption alignnone\"><a href=\"https:\/\/bit.ly\/2Z20SbP\" target=\"_blank\" rel=\"noopener noreferrer\"><img aria-describedby=\"caption-attachment-4408\" loading=\"lazy\" class=\"wp-image-4408 size-full\" src=\"https:\/\/www.cig.gov.pt\/wp-content\/uploads\/2019\/11\/bi10.jpg\" alt=\"Boletim n.\u00ba 17 (Junho 2020)\" width=\"192\" height=\"111\" \/><\/a><p id=\"caption-attachment-4408\" class=\"wp-caption-text\">Boletim n.\u00ba 17 (Junho 2020)<\/p><\/div>\n<div id=\"attachment_4408\" style=\"width: 202px\" class=\"wp-caption alignnone\"><a href=\"https:\/\/bit.ly\/3cVKUpC\" target=\"_blank\" rel=\"noopener noreferrer\"><img aria-describedby=\"caption-attachment-4408\" loading=\"lazy\" class=\"wp-image-4408 size-full\" src=\"https:\/\/www.cig.gov.pt\/wp-content\/uploads\/2019\/11\/bi10.jpg\" alt=\"Boletim n.\u00ba 16 (Maio 2020)\" width=\"192\" height=\"111\" \/><\/a><p id=\"caption-attachment-4408\" class=\"wp-caption-text\">Boletim n.\u00ba 16 (Maio 2020)<\/p><\/div>\n<div id=\"attachment_4408\" style=\"width: 202px\" class=\"wp-caption alignnone\"><a href=\"https:\/\/bit.ly\/2VxGzBl\" target=\"_blank\" rel=\"noopener noreferrer\"><img aria-describedby=\"caption-attachment-4408\" loading=\"lazy\" class=\"wp-image-4408 size-full\" src=\"https:\/\/www.cig.gov.pt\/wp-content\/uploads\/2019\/11\/bi10.jpg\" alt=\"Boletim n.\u00ba 15 (Abr. 2020)\" width=\"192\" height=\"111\" \/><\/a><p id=\"caption-attachment-4408\" class=\"wp-caption-text\">Boletim n.\u00ba 15 (Abr. 2020)<\/p><\/div>\n<div id=\"attachment_4408\" style=\"width: 202px\" class=\"wp-caption alignnone\"><a href=\"https:\/\/bit.ly\/2QiOhxm\" target=\"_blank\" rel=\"noopener noreferrer\"><img aria-describedby=\"caption-attachment-4408\" loading=\"lazy\" class=\"wp-image-4408 size-full\" src=\"https:\/\/www.cig.gov.pt\/wp-content\/uploads\/2019\/11\/bi10.jpg\" alt=\"Boletim n.\u00ba 14 (Mar. 2020)\" width=\"192\" height=\"111\" \/><\/a><p id=\"caption-attachment-4408\" class=\"wp-caption-text\">Boletim n.\u00ba 14 (Mar. 2020)<\/p><\/div>\n<div id=\"attachment_4408\" style=\"width: 202px\" class=\"wp-caption alignnone\"><a href=\"https:\/\/bit.ly\/2vl4R8B\" target=\"_blank\" rel=\"noopener noreferrer\"><img aria-describedby=\"caption-attachment-4408\" loading=\"lazy\" class=\"wp-image-4408 size-full\" src=\"https:\/\/www.cig.gov.pt\/wp-content\/uploads\/2019\/11\/bi10.jpg\" alt=\"Boletim n.\u00ba 13 (Fev. 2020)\" width=\"192\" height=\"111\" \/><\/a><p id=\"caption-attachment-4408\" class=\"wp-caption-text\">Boletim n.\u00ba 13 (Fev. 2020)<\/p><\/div>\n<div id=\"attachment_4408\" style=\"width: 202px\" class=\"wp-caption alignnone\"><a href=\"https:\/\/bit.ly\/3bccvlJ\" target=\"_blank\" rel=\"noopener noreferrer\"><img aria-describedby=\"caption-attachment-4408\" loading=\"lazy\" class=\"wp-image-4408 size-full\" src=\"https:\/\/www.cig.gov.pt\/wp-content\/uploads\/2019\/11\/bi10.jpg\" alt=\"Boletim n.\u00ba 12 (Jan. 2020)\" width=\"192\" height=\"111\" \/><\/a><p id=\"caption-attachment-4408\" class=\"wp-caption-text\">Boletim n.\u00ba 12 (Jan. 2020)<\/p><\/div>\n<div id=\"attachment_4408\" style=\"width: 202px\" class=\"wp-caption alignnone\"><a href=\"https:\/\/bit.ly\/2RUWhpy\" target=\"_blank\" rel=\"noopener noreferrer\"><img aria-describedby=\"caption-attachment-4408\" loading=\"lazy\" class=\"wp-image-4408 size-full\" src=\"https:\/\/www.cig.gov.pt\/wp-content\/uploads\/2019\/11\/bi10.jpg\" alt=\"Boletim n.\u00ba 11 (Dez. 2019)\" width=\"192\" height=\"111\" \/><\/a><p id=\"caption-attachment-4408\" class=\"wp-caption-text\">Boletim n.\u00ba 11 (Dez. 2019)<\/p><\/div>\n<div id=\"attachment_4408\" style=\"width: 202px\" class=\"wp-caption alignnone\"><a href=\"https:\/\/bit.ly\/2qLrJfh\" target=\"_blank\" rel=\"noopener noreferrer\"><img aria-describedby=\"caption-attachment-4408\" loading=\"lazy\" class=\"wp-image-4408 size-full\" src=\"https:\/\/www.cig.gov.pt\/wp-content\/uploads\/2019\/11\/bi10.jpg\" alt=\"Boletim n.\u00ba 10 (Nov. 2019)\" width=\"192\" height=\"111\" \/><\/a><p id=\"caption-attachment-4408\" class=\"wp-caption-text\">Boletim n.\u00ba 10 (Nov. 2019)<\/p><\/div>\n<div id=\"attachment_4408\" style=\"width: 202px\" class=\"wp-caption alignnone\"><a href=\"https:\/\/bit.ly\/37FVNtu\" target=\"_blank\" rel=\"noopener noreferrer\"><img aria-describedby=\"caption-attachment-4408\" loading=\"lazy\" class=\"wp-image-4408 size-full\" src=\"https:\/\/www.cig.gov.pt\/wp-content\/uploads\/2019\/11\/bi09.jpg\" alt=\"Boletim n.\u00ba 9 (Out. 2019)\" width=\"192\" height=\"111\" \/><\/a><p id=\"caption-attachment-4408\" class=\"wp-caption-text\">Boletim n.\u00ba 9 (Out. 2019)<\/p><\/div>\n<div id=\"attachment_4408\" style=\"width: 202px\" class=\"wp-caption alignnone\"><a href=\"https:\/\/bit.ly\/2OEayEc\" target=\"_blank\" rel=\"noopener noreferrer\"><img aria-describedby=\"caption-attachment-4408\" loading=\"lazy\" class=\"wp-image-4408 size-full\" src=\"https:\/\/www.cig.gov.pt\/wp-content\/uploads\/2019\/11\/bi08.jpg\" alt=\"Boletim n.\u00ba 8 (Set. 2019)\" width=\"192\" height=\"111\" \/><\/a><p id=\"caption-attachment-4408\" class=\"wp-caption-text\">Boletim n.\u00ba 8 (Set. 2019)<\/p><\/div>\n<div id=\"attachment_4408\" style=\"width: 202px\" class=\"wp-caption alignnone\"><a href=\"https:\/\/bit.ly\/33rpLhC\" target=\"_blank\" rel=\"noopener noreferrer\"><img aria-describedby=\"caption-attachment-4408\" loading=\"lazy\" class=\"wp-image-4408 size-full\" src=\"https:\/\/www.cig.gov.pt\/wp-content\/uploads\/2019\/11\/bi07.jpg\" alt=\"Boletim n.\u00ba 7 (Ago. 2019)\" width=\"192\" height=\"111\" \/><\/a><p id=\"caption-attachment-4408\" class=\"wp-caption-text\">Boletim n.\u00ba 7 (Ago. 2019)<\/p><\/div>\n<div id=\"attachment_4408\" style=\"width: 202px\" class=\"wp-caption alignnone\"><a href=\"https:\/\/bit.ly\/2rqv03L\" target=\"_blank\" rel=\"noopener noreferrer\"><img aria-describedby=\"caption-attachment-4408\" loading=\"lazy\" class=\"wp-image-4408 size-full\" src=\"https:\/\/www.cig.gov.pt\/wp-content\/uploads\/2019\/11\/bi06.jpg\" alt=\"Boletim n.\u00ba 6 (Jul. 2019)\" width=\"192\" height=\"111\" \/><\/a><p id=\"caption-attachment-4408\" class=\"wp-caption-text\">Boletim n.\u00ba 6 (Jul. 2019)<\/p><\/div>\n<div id=\"attachment_4408\" style=\"width: 202px\" class=\"wp-caption alignnone\"><a href=\"https:\/\/bit.ly\/33lcyGX\" target=\"_blank\" rel=\"noopener noreferrer\"><img aria-describedby=\"caption-attachment-4408\" loading=\"lazy\" class=\"wp-image-4408 size-full\" src=\"https:\/\/www.cig.gov.pt\/wp-content\/uploads\/2019\/11\/bi05.jpg\" alt=\"Boletim n.\u00ba 5 (Jun. 2019)\" width=\"192\" height=\"111\" \/><\/a><p id=\"caption-attachment-4408\" class=\"wp-caption-text\">Boletim n.\u00ba 5 (Jun. 2019)<\/p><\/div>\n<div id=\"attachment_4408\" style=\"width: 202px\" class=\"wp-caption alignnone\"><a href=\"https:\/\/bit.ly\/2skwwF1\" target=\"_blank\" rel=\"noopener noreferrer\"><img aria-describedby=\"caption-attachment-4408\" loading=\"lazy\" class=\"wp-image-4408 size-full\" src=\"https:\/\/www.cig.gov.pt\/wp-content\/uploads\/2019\/11\/bi04.jpg\" alt=\"Boletim n.\u00ba 4 (Maio 2019)\" width=\"192\" height=\"111\" \/><\/a><p id=\"caption-attachment-4408\" class=\"wp-caption-text\">Boletim n.\u00ba 4 (Maio 2019)<\/p><\/div>\n<div id=\"attachment_4408\" style=\"width: 202px\" class=\"wp-caption alignnone\"><a href=\"https:\/\/bit.ly\/37EbtgM\" target=\"_blank\" rel=\"noopener noreferrer\"><img aria-describedby=\"caption-attachment-4408\" loading=\"lazy\" class=\"wp-image-4408 size-full\" src=\"https:\/\/www.cig.gov.pt\/wp-content\/uploads\/2019\/11\/bi03.jpg\" alt=\"Boletim n.\u00ba 3 (Abr. 2019)\" width=\"192\" height=\"111\" \/><\/a><p id=\"caption-attachment-4408\" class=\"wp-caption-text\">Boletim n.\u00ba 3 (Abr. 2019)<\/p><\/div>\n<div id=\"attachment_4408\" style=\"width: 202px\" class=\"wp-caption alignnone\"><a href=\"https:\/\/bit.ly\/2XNo9NE\" target=\"_blank\" rel=\"noopener noreferrer\"><img aria-describedby=\"caption-attachment-4408\" loading=\"lazy\" class=\"wp-image-4408 size-full\" src=\"https:\/\/www.cig.gov.pt\/wp-content\/uploads\/2019\/11\/bi02.jpg\" alt=\"Boletim n.\u00ba 2 (Mar. 2019)\" width=\"192\" height=\"111\" \/><\/a><p id=\"caption-attachment-4408\" class=\"wp-caption-text\">Boletim n.\u00ba 2 (Mar. 2019)<\/p><\/div>\n<div id=\"attachment_4408\" style=\"width: 202px\" class=\"wp-caption alignnone\"><a href=\"https:\/\/bit.ly\/2KSGALI\" target=\"_blank\" rel=\"noopener noreferrer\"><img aria-describedby=\"caption-attachment-4408\" loading=\"lazy\" class=\"wp-image-4408 size-full\" src=\"https:\/\/www.cig.gov.pt\/wp-content\/uploads\/2019\/11\/bi01.jpg\" alt=\"Boletim n.\u00ba 1 (Fev. 2019)\" width=\"192\" height=\"111\" \/><\/a><p id=\"caption-attachment-4408\" class=\"wp-caption-text\">Boletim n.\u00ba 1 (Fev. 2019)<\/p><\/div>\n<div id=\"attachment_4408\" style=\"width: 202px\" class=\"wp-caption alignnone\"><a href=\"https:\/\/bit.ly\/2sdIoZe\" target=\"_blank\" rel=\"noopener noreferrer\"><img aria-describedby=\"caption-attachment-4408\" loading=\"lazy\" class=\"wp-image-4408 size-full\" src=\"https:\/\/www.cig.gov.pt\/wp-content\/uploads\/2019\/11\/bi00.jpg\" alt=\"Boletim n.\u00ba 0 (Jan. 2019)\" width=\"192\" height=\"111\" \/><\/a><p id=\"caption-attachment-4408\" class=\"wp-caption-text\">Boletim n.\u00ba 0 (Jan. 2019)<\/p><\/div>\n<\/div>\n<p>&nbsp;<\/p>\n","protected":false},"excerpt":{"rendered":"<p>_ Boletins Informativos CID &nbsp;<\/p>\n","protected":false},"author":1,"featured_media":0,"parent":0,"menu_order":0,"comment_status":"closed","ping_status":"closed","template":"","meta":{"_genesis_hide_title":false,"_genesis_hide_breadcrumbs":false,"_genesis_hide_singular_image":false,"_genesis_hide_footer_widgets":false,"_genesis_custom_body_class":"","_genesis_custom_post_class":"","_genesis_layout":"full-width-content"},"_links":{"self":[{"href":"https:\/\/www.cig.gov.pt\/divulgar\/wp-json\/wp\/v2\/pages\/4736"}],"collection":[{"href":"https:\/\/www.cig.gov.pt\/divulgar\/wp-json\/wp\/v2\/pages"}],"about":[{"href":"https:\/\/www.cig.gov.pt\/divulgar\/wp-json\/wp\/v2\/types\/page"}],"author":[{"embeddable":true,"href":"https:\/\/www.cig.gov.pt\/divulgar\/wp-json\/wp\/v2\/users\/1"}],"replies":[{"embeddable":true,"href":"https:\/\/www.cig.gov.pt\/divulgar\/wp-json\/wp\/v2\/comments?post=4736"}],"version-history":[{"count":58,"href":"https:\/\/www.cig.gov.pt\/divulgar\/wp-json\/wp\/v2\/pages\/4736\/revisions"}],"predecessor-version":[{"id":5018,"href":"https:\/\/www.cig.gov.pt\/divulgar\/wp-json\/wp\/v2\/pages\/4736\/revisions\/5018"}],"wp:attachment":[{"href":"https:\/\/www.cig.gov.pt\/divulgar\/wp-json\/wp\/v2\/media?parent=4736"}],"curies":[{"name":"wp","href":"https:\/\/api.w.org\/{rel}","templated":true}]}}