{"id":100,"date":"2018-04-26T14:36:42","date_gmt":"2018-04-26T14:36:42","guid":{"rendered":"http:\/\/www.idahotlisboa2018.com\/?page_id=100"},"modified":"2018-05-25T10:13:45","modified_gmt":"2018-05-25T10:13:45","slug":"programa","status":"publish","type":"page","link":"https:\/\/www.cig.gov.pt\/IDAHOT\/programa\/","title":{"rendered":"Programa"},"content":{"rendered":"<p>Programa<\/p>\n<p>\u2013 09:00\u00a0\u2013<\/p>\n<h2><strong><em>Sess\u00e3o de Abertura<\/em><\/strong><\/h2>\n<p><strong>Jo\u00e3o S\u00e0\u00e1gua<\/strong><br \/>\nReitor da UniversidadeNOVA de Lisboa<\/p>\n<p><strong>Ricardo Robles<\/strong><br \/>\nVereador da C\u00e2mara Municipal de Lisboa para a Educa\u00e7\u00e3o e Direitos Sociais<\/p>\n<p><strong>Eleni Tsetsekou<\/strong><br \/>\nChefe da Unidade SOGI do Conselho da Europa<\/p>\n<p><strong>Vera Jourov\u00e1<\/strong><br \/>\nComiss\u00e1ria da UE para a Justi\u00e7a, Consumidorese Igualdade de G\u00e9nero <em>(mensagemde v\u00eddeo)<\/em><\/p>\n<p><strong>Tine Claus<\/strong><br \/>\nChefe de Divis\u00e3o da Unidade Federal para a Igualdade de Oportunidades da B\u00e9lgica<\/p>\n<p><strong>Nuno Pinto<\/strong><br \/>\nPresidente da ILGA Portugal<\/p>\n<p><strong>Maria Manuel Leit\u00e3o Marques<\/strong><br \/>\nMinistra da Presid\u00eancia e da Moderniza\u00e7\u00e3o Administrativa de Portugal<\/p>\n<p>&nbsp;<\/p>\n<p>\u2013 09:45 \u2013<\/p>\n<h2><strong><em>No nosso p\u00e1tio: Olhar para o status quo dos direitos LGBTI na Europa<\/em><\/strong><\/h2>\n<p><em>Apresenta\u00e7\u00e3o e Discuss\u00e3o Ministerial do Rainbow Indexand Map(ILGA-Europe), do Trans Rights Europe Map and Index (TGEU) e do LGBTIQ Inclusive Education Index (IGLYO).<\/em><\/p>\n<p><strong>Moderadora: Eleni Tsetsekou<\/strong><br \/>\nChefe da Unidade SOGI do Conselho da Europa<\/p>\n<p><strong>Katrin Hugendubel<\/strong><br \/>\nDiretora de Advocacia da ILGA-Europe<\/p>\n<p><strong>Richard K\u00f6hler<\/strong><br \/>\nDiretor Executivo Adjunto da TGEU<\/p>\n<p><strong>Euan Platt<\/strong><br \/>\nCoordenador\u00a0Executivo da IGLYO<\/p>\n<p><strong>Valon Dasharami<\/strong><br \/>\nSecret\u00e1rio-Geral do Minist\u00e9rio dos Direitos Humanos e Minorias do Montenegro<\/p>\n<p><strong>Felix K\u00f6nig<\/strong><br \/>\nConselheiro Pol\u00edtico do Ministro para a Cultura e Democracia da Su\u00e9cia<\/p>\n<p><strong>Teresa Fragoso<\/strong><br \/>\nPresidente da Comiss\u00e3o para a Cidadania e Igualdade de G\u00e9nero de Portugal<\/p>\n<p><strong>Mark Kamperhoff<\/strong><br \/>\nChefe da Divis\u00e3o UE: Coordena\u00e7\u00e3o UE e Assuntos Internacionais do Minist\u00e9rio Federal da Fam\u00edlia, da Terceira Idade, da Condi\u00e7\u00e3o Feminina e da Juventude da Alemanha<\/p>\n<p>&nbsp;<\/p>\n<p>\u2013 11:15 \u2013<\/p>\n<p><strong>Pausa para caf\u00e9<\/strong><\/p>\n<p>&nbsp;<\/p>\n<p>\u2013 11:30\u00a0\u2013<\/p>\n<h2><strong><em>Dentro e fora: Reduzir as disparidades da coer\u00eancia interna e externa da Europa<\/em><\/strong><\/h2>\n<p><em>Discuss\u00e3o sobre os diferentes ritmos que os direitos LGBTI enfrentam dentro e fora da Europa.<\/em><\/p>\n<p><strong>Moderador: Claude Cahn<\/strong><br \/>\nAssessor do Gabinetedo Alto-Comiss\u00e1rio para os Direitos Humanos das Na\u00e7\u00f5esUnidas<\/p>\n<p><strong>Maritza Rosabal\u00a0Pe\u00f1a<\/strong><br \/>\nMinistra da Educa\u00e7\u00e3o, Fam\u00edlia e Inclus\u00e3o Social de Cabo Verde<\/p>\n<p><strong>Tom Erlend Skaug<\/strong><br \/>\nVice-Ministro da Inf\u00e2ncia e da Igualdade da Noruega<\/p>\n<p><strong>Ximena Ares<\/strong><br \/>\nConselheira da Embaixada da Rep\u00fablica do Chile em Lisboa<\/p>\n<p><strong>Lu\u00eds Caba\u00e7o<\/strong><br \/>\nSubdiretor-Geral de Pol\u00edtica Externa do Minist\u00e9rio dos Neg\u00f3cios Estrangeiros de Portugal<\/p>\n<p>&nbsp;<\/p>\n<p>\u2013 13:00\u00a0\u2013<\/p>\n<p><strong>Almo\u00e7o<\/strong><\/p>\n<p>&nbsp;<\/p>\n<p>\u2013 14:30 \u2013<\/p>\n<h2><strong><em>Workshops 1 e 2<\/em><\/strong><\/h2>\n<p><strong>Workshop 1 <u>Juventude e Educa\u00e7\u00e3o<\/u><\/strong><\/p>\n<p><strong>Moderador: Paulo Carvalho da Silva<\/strong><br \/>\nMembro da Dire\u00e7\u00e3o da rede ex aequo \u2013 associa\u00e7\u00e3o de jovens lgbti e apoiantes<\/p>\n<p><strong>Tiago Brand\u00e3o Rodrigues<\/strong><br \/>\nMinistro da Educa\u00e7\u00e3o de Portugal<\/p>\n<p><strong>Isabel Guerra<\/strong><br \/>\nVereadora da C\u00e2mara Municipal de Cascais, Capital Europeia da Juventude 2018<\/p>\n<p><strong>Susie Green<\/strong><br \/>\nCEO da Mermaids<\/p>\n<p><strong>Yves Aerts<\/strong><br \/>\nDiretor Executivo da \u00c7avaria<\/p>\n<p><strong>\u00a0<\/strong><\/p>\n<p><strong>Workshop 2\u00a0<u>Interculturalidade<\/u><\/strong><\/p>\n<p><strong>Moderador: Santiago M\u2019banda Lima<\/strong><br \/>\nPresidente da A\u00e7\u00e3o pela Identidade<\/p>\n<p><strong>Cristina Milagre<\/strong><br \/>\nT\u00e9cnica Especialista do Gabinete da Secret\u00e1ria de Estado para a Cidadania e Igualdade de Portugal<\/p>\n<p><strong>Priest Fernando Santos<\/strong><br \/>\nIgreja Lusitana (Portugal) \u2013 Comunidade Anglicana<\/p>\n<p><strong>Juliana Santos Wahlgren<\/strong><br \/>\nOficial S\u00e9nior de Desenvolvimento de Rede e de Advocacia da ENAR<\/p>\n<p><strong>Melissa Sonnino<\/strong><br \/>\nCoordenadora da FacingFacts!, CEJI<\/p>\n<p>&nbsp;<\/p>\n<p>\u2013 16:00\u00a0\u2013<\/p>\n<p><strong>Pausa para caf\u00e9<\/strong><\/p>\n<p>&nbsp;<\/p>\n<p>\u2013 16:30 \u2013<\/p>\n<h2><strong><em>Workshops 3 e 4<\/em><\/strong><\/h2>\n<p><strong>Workshop 3\u00a0<u>Desporto<\/u><\/strong><\/p>\n<p><strong>Moderadora: Ana Aresta<\/strong><br \/>\nVice-Presidente da ILGA Portugal<\/p>\n<p><strong>Jo\u00e3o Paulo Rebelo<\/strong><br \/>\nSecret\u00e1rio de Estado da Juventude e Desporto de Portugal *<\/p>\n<p><strong>Sarah Townsend<\/strong><br \/>\nSecret\u00e1ria Geral da Federa\u00e7\u00e3o Europeia de Desporto Gay e L\u00e9sbico<\/p>\n<p><strong>Patrick Gasser<\/strong><br \/>\nDiretor do Futebol e da Responsabilidade Social da Uni\u00e3o das Federa\u00e7\u00f5es Europeias de Futebol (UEFA)<\/p>\n<p><strong>Emy Ritt<\/strong><br \/>\nDiretor dos Jogos Gay 10 de Paris 2018<\/p>\n<p><strong>\u00a0<\/strong><\/p>\n<p><strong>Workshop\u00a04 <u>Pol\u00edtica local<\/u>\u00a0<\/strong><\/p>\n<p><strong>Moderadora: Margarida Lima de Faria<\/strong><br \/>\nPresidente da AMPLOS<\/p>\n<p><strong>Ricardo Robles<\/strong><br \/>\nConselheiro Municipal da Educa\u00e7\u00e3o e dos Direitos Sociais de Lisboa<\/p>\n<p><strong>Alberto Di\u00e1z Arcones<\/strong><br \/>\nT\u00e9cnico de Pol\u00edticas LGBTI da Comunidadede Madrid<\/p>\n<p><strong>S\u00f6ren Landmann<\/strong><br \/>\nRede de CidadesArco-\u00cdris<\/p>\n<p><strong>Patrycja Pogodzinska<\/strong><br \/>\nJurista da Ag\u00eancia para os Direitos Fundamentais\u00a0da UE<\/p>\n<p>&nbsp;<\/p>\n<p>\u2013 18:00 \u2013<\/p>\n<h2>Conclus\u00f5es<\/h2>\n<p>Um resumo sobre os principais pontos abordados durante o dia.<\/p>\n<p>&nbsp;<\/p>\n<p>\u2013 18:15 \u2013<\/p>\n<h2><strong>Sess\u00e3o de encerramento<\/strong><\/h2>\n<p><strong>Carla Madeira<\/strong><br \/>\nPresidente da Junta de Freguesia Miseric\u00f3rdia<\/p>\n<p><strong>Katrin Hugendubel<\/strong><br \/>\nDiretora de Advocacia da ILGA-Europe<\/p>\n<p><strong>Rosa Monteiro<\/strong><br \/>\nSecret\u00e1ria de Estado da Cidadania e Igualdade de Portugal<\/p>\n<p><strong>Cerim\u00f3nia de Passagem da Bandeira do F\u00f3rum IDAHOT para a Noruega:<\/strong><\/p>\n<p><strong>Tom Erlend Skaug<\/strong><br \/>\nVice-Ministro da Inf\u00e2ncia e da Igualdade da Noruega<\/p>\n<p>&nbsp;<\/p>\n<p><strong>Anfitri\u00f5es<\/strong><br \/>\n<strong>Eduarda Ferreira,\u00a0<\/strong><strong>Rui Maria P\u00eago<\/strong><\/p>\n<p>&nbsp;<\/p>\n<p><strong>Relatores<\/strong><br \/>\n<strong>Sandra Saleiro,\u00a0<\/strong><strong>Paulo C\u00f4rte-Real<\/strong><\/p>\n<p>&nbsp;<\/p>\n<p>\u2013 20:00 \u2013<\/p>\n<p><strong>Rece\u00e7\u00e3o de jantar organizada pelo Governo Portugu\u00eas com a presen\u00e7a do Primeiro-Ministro, no PicadeiroReal da Ajuda<\/strong><\/p>\n<p>&nbsp;<\/p>\n","protected":false},"excerpt":{"rendered":"<p>Programa \u2013 09:00\u00a0\u2013 Sess\u00e3o de Abertura Jo\u00e3o S\u00e0\u00e1gua Reitor da UniversidadeNOVA de Lisboa Ricardo Robles Vereador da C\u00e2mara Municipal de Lisboa para a Educa\u00e7\u00e3o e Direitos Sociais Eleni Tsetsekou Chefe da Unidade SOGI do Conselho da Europa Vera Jourov\u00e1 Comiss\u00e1ria da UE para a Justi\u00e7a, Consumidorese Igualdade de G\u00e9nero (mensagemde v\u00eddeo) Tine Claus Chefe de [&hellip;]<\/p>\n","protected":false},"author":3,"featured_media":0,"parent":0,"menu_order":1,"comment_status":"closed","ping_status":"closed","template":"","meta":[],"_links":{"self":[{"href":"https:\/\/www.cig.gov.pt\/IDAHOT\/wp-json\/wp\/v2\/pages\/100"}],"collection":[{"href":"https:\/\/www.cig.gov.pt\/IDAHOT\/wp-json\/wp\/v2\/pages"}],"about":[{"href":"https:\/\/www.cig.gov.pt\/IDAHOT\/wp-json\/wp\/v2\/types\/page"}],"author":[{"embeddable":true,"href":"https:\/\/www.cig.gov.pt\/IDAHOT\/wp-json\/wp\/v2\/users\/3"}],"replies":[{"embeddable":true,"href":"https:\/\/www.cig.gov.pt\/IDAHOT\/wp-json\/wp\/v2\/comments?post=100"}],"version-history":[{"count":26,"href":"https:\/\/www.cig.gov.pt\/IDAHOT\/wp-json\/wp\/v2\/pages\/100\/revisions"}],"predecessor-version":[{"id":213,"href":"https:\/\/www.cig.gov.pt\/IDAHOT\/wp-json\/wp\/v2\/pages\/100\/revisions\/213"}],"wp:attachment":[{"href":"https:\/\/www.cig.gov.pt\/IDAHOT\/wp-json\/wp\/v2\/media?parent=100"}],"curies":[{"name":"wp","href":"https:\/\/api.w.org\/{rel}","templated":true}]}}