{"id":133,"date":"2018-05-02T16:05:22","date_gmt":"2018-05-02T16:05:22","guid":{"rendered":"http:\/\/www.idahotlisboa2018.com\/?page_id=133"},"modified":"2018-05-14T08:14:25","modified_gmt":"2018-05-14T08:14:25","slug":"programme","status":"publish","type":"page","link":"https:\/\/www.cig.gov.pt\/IDAHOT\/en\/programme\/","title":{"rendered":"Programme"},"content":{"rendered":"<p>\u2013 9:00\u00a0\u2013<\/p>\n<h2><em><b><span lang=\"PT\">Opening Session<\/span><\/b><\/em><\/h2>\n<p><strong>Jo\u00e3o S\u00e0\u00e1gua<br \/>\n<\/strong>Rector of Universidade NOVA de Lisboa<\/p>\n<p><strong>Ricardo Robles<\/strong><br \/>\nLisboa City Councillor for Education and Social Rights<\/p>\n<p><strong>EleniTsetsekou<\/strong><br \/>\nHead of SOGI Unit of the Council of Europe<\/p>\n<p><strong>Vera Jourov\u00e1<\/strong><br \/>\nEU Commissioner of Justice, Consumers and Gender Equality <em>(video message)<\/em><\/p>\n<p><strong>Tine Claus<\/strong><br \/>\nHead of Unit of the Federal Unit for Equal Opportunities of Belgium<\/p>\n<p><strong>Nuno Pinto<\/strong><br \/>\nPresident of ILGA Portugal<\/p>\n<p><strong>Maria Manuel Leit\u00e3o Marques<\/strong><br \/>\nMinister of the Presidency and of Administrative Modernization of\u00a0Portugal<\/p>\n<p>&nbsp;<\/p>\n<p>\u2013 9:30\u00a0\u2013<\/p>\n<h2><em>In our backyard: Looking at the status quo of LGBTI rights in Europe<\/em><\/h2>\n<p><em>Presentation and Ministerial discussion of the Rainbow Index and Map (ILGA-Europe), of the Trans Rights Europe Map and Index (TGEU) and of the LGBTIQ Inclusive Education Index (IGLYO).<\/em><\/p>\n<p><b>Moderator:\u00a0<\/b><strong>Eleni Tsetsekou<br \/>\n<\/strong>Head of SOGI Unit from the Council of Europe<\/p>\n<p><strong>Katrin Hugendubel<br \/>\n<\/strong>Advocavy Director of ILGA-Europe<\/p>\n<p><strong>Richard K\u00f6hler<br \/>\n<\/strong>Deputy Executive Director of TGEU<\/p>\n<p><strong>Euan Platt<br \/>\n<\/strong>Executive Co-ordinator of IGLYO<\/p>\n<p><strong>Valon Dasharami<br \/>\n<\/strong>General Secretary of Minister of Human and Minority Rights of Montenegro<\/p>\n<p><strong>Felix K\u00f6nig<\/strong><br \/>\nPolitical Advisor to the Minister for Culture and Democracy of Sweden<\/p>\n<p><strong>Teresa Fragoso<\/strong><br \/>\nPresident of the Portuguese Commission for Citizenship and Gender Equality<\/p>\n<p><strong>Mark Kamperhoff<br \/>\n<\/strong>Head of EU division: EU coordination, International Affairs of the Federal Minister for Family Affairs, Senior Citizens, Women and Youth of Germany<\/p>\n<p>&nbsp;<\/p>\n<p>\u2013 11:15 \u2013<\/p>\n<p><strong>Coffee Break<\/strong><\/p>\n<p>&nbsp;<\/p>\n<p>\u2013 11:30\u00a0\u2013<\/p>\n<h2><em>In &amp; Out: Closing the Gaps of the EU internal and external coherence<\/em><\/h2>\n<p><em>Discussion on the different paces that LGBTI rights face inside and outside Europe.<\/em><\/p>\n<p><strong>Moderator:\u00a0<\/strong><strong>Claude Cahn<br \/>\n<\/strong>Human Rights Advisor, Office of the UN High Commissioner for Human Rights<\/p>\n<p><strong>Maritza Rosabal Pe\u00f1a<br \/>\n<\/strong>Minister of Education, Family and Social Inclusion of Cape Verde<\/p>\n<p><strong>Tom Erlend Skaug<br \/>\n<\/strong>Deputy Minister of Children and Equality of Norway<\/p>\n<p><strong>Ximena Ares<br \/>\n<\/strong>Counselor of the Embassy of the Republic of Chile in Lisbon<\/p>\n<p><strong>Lu\u00eds Caba\u00e7o<\/strong><br \/>\nDeputy Political Director of the Ministry of Foreign Affairs of Portugal<\/p>\n<p>&nbsp;<\/p>\n<p>\u2013 13:00 \u2013<\/p>\n<p><strong>Lunch at NOVA Foyer<\/strong><\/p>\n<p>&nbsp;<\/p>\n<p>\u2013 14:30 \u2013<\/p>\n<h2><em><b><span lang=\"PT\">Workshops 1 &amp; 2<\/span><\/b><\/em><\/h2>\n<h4><b><span lang=\"PT\">Workshop 1<\/span><\/b> <strong><u>Youth &amp; Education<\/u><\/strong><\/h4>\n<p><strong>Moderator: Paulo Carvalho da Silva<br \/>\n<\/strong>Board member of rede ex aequo \u2013 associa\u00e7\u00e3o de jovens lgbti e apoiantes<\/p>\n<p><strong>Tiago\u00a0<\/strong><strong>Brand\u00e3o\u00a0<\/strong><strong>Rodrigues<br \/>\n<\/strong>Minister of Education of Portugal<\/p>\n<p><strong>Isabel Guerra<br \/>\n<\/strong>Councilwoman of Cascais, European Youth Capital 2018<\/p>\n<p><strong>Susie\u00a0<\/strong><strong>Green<br \/>\n<\/strong>CEO of Mermaids<\/p>\n<p><strong>Yves\u00a0<\/strong><strong>Aerts<br \/>\n<\/strong>Executive Director of \u00c7avaria<\/p>\n<p><strong>\u00a0<\/strong><\/p>\n<h4><b><span lang=\"PT\">Workshop 2<\/span><\/b>\u00a0<u><\/u><strong><u>Interculturality<\/u><\/strong><\/h4>\n<p><strong>Moderator: Santiago M\u2019banda Lima<br \/>\n<\/strong>President of A\u00e7\u00e3o pela Identidade<\/p>\n<p><strong>Cristina Milagre<br \/>\n<\/strong>Advisor of the Secretary of State for Citizenship and Equality<\/p>\n<p><strong>Priest Fernando Santos<br \/>\n<\/strong>Lusitan Church (Portugal) \u2013 Anglican Community<\/p>\n<p><strong>Juliana\u00a0<\/strong><strong>Santos Wahlgren<br \/>\n<\/strong>Senior Advocacy and Network Development Officer of ENAR<\/p>\n<p><strong>Melissa Sonnino<br \/>\n<\/strong>Facing Facts! Coordinator, CEJI<\/p>\n<p>&nbsp;<\/p>\n<p>\u2013 16:00 \u2013<\/p>\n<p><strong>Coffee Break<\/strong><\/p>\n<p>&nbsp;<\/p>\n<p>\u2013 16:30 \u2013<\/p>\n<h2><em><b><span lang=\"PT\">Workshops 3 &amp; 4<\/span><\/b><\/em><\/h2>\n<h4><b><span lang=\"PT\">Workshop 3<\/span><\/b>\u00a0<strong><u>Sports<\/u><\/strong><\/h4>\n<p><strong>Moderator: Ana Aresta<br \/>\n<\/strong>Vice-President of ILGA Portugal<\/p>\n<p><strong>Jo\u00e3o Paulo Rebelo<br \/>\n<\/strong>Secretary of State of Youth and Sports of Portugal *<\/p>\n<p><strong>Sarah Townsend<br \/>\n<\/strong>General Secretary of European Gay and Lesbian Sport Federation<\/p>\n<p><strong>Patrick Gasser<br \/>\n<\/strong>Head of Football and Social Responsibility of Union of European Football Associations<\/p>\n<p><strong>Emy Ritt<br \/>\n<\/strong>Director of the Paris 2018 Gay Games 10<\/p>\n<p><strong>\u00a0<\/strong><\/p>\n<h4><b><span lang=\"PT\">Workshop\u00a0<\/span><\/b><strong>4 <\/strong><strong><u>Local Politics<\/u><\/strong><strong>\u00a0<\/strong><\/h4>\n<p><strong>Moderator: Margarida Lima de Faria<br \/>\n<\/strong>President of AMPLOS<\/p>\n<p><strong>Ricardo Robles<br \/>\n<\/strong>Lisboa City Councillor for Education and Social Rights<\/p>\n<p><strong>Alberto Di\u00e1z Arcones<br \/>\n<\/strong>LGBTI Policies Officer of the Community of Madrid<\/p>\n<p><strong>S\u00f6ren Landmann<br \/>\n<\/strong>Rainbow Cities Network<\/p>\n<p><strong>Patrycja Pogodzinska<br \/>\n<\/strong>Legal Expert of the EU Fundamental Rights Agency<\/p>\n<p>&nbsp;<\/p>\n<p>\u2013 18:00 \u2013<\/p>\n<h2>WRAP-UP<\/h2>\n<p>A summarizing report on the main points addressed during the day.<\/p>\n<p>&nbsp;<\/p>\n<p>\u2013 18:15 \u2013<\/p>\n<h2><em><strong> Closing session<\/strong><\/em><\/h2>\n<p><strong>Carla Madeira<br \/>\n<\/strong>President of Miseric\u00f3rdia Parish Council<\/p>\n<p><strong>Katrin Hugendubel<br \/>\n<\/strong>Advocacy Director of ILGA-Europe<\/p>\n<p><strong>Rosa Monteiro<br \/>\n<\/strong>Secretary of State of Citizenship and Equality of Portugal<\/p>\n<p><strong>Passing of the IDAHOT Forum Flag Cerimony: <\/strong><\/p>\n<p><strong>Tom Erlend Skaug<br \/>\n<\/strong>Deputy Minister of Children and Equality of Norway<\/p>\n<p>&nbsp;<\/p>\n<p><strong>Hosts<br \/>\nEduarda Ferreira,\u00a0<\/strong><strong>Rui Maria P\u00eago<br \/>\n<\/strong><\/p>\n<p><strong>Relators<br \/>\nSandra Saleiro,\u00a0<\/strong><strong>Paulo C\u00f4rte-Real<br \/>\n<\/strong><\/p>\n<p>&nbsp;<\/p>\n<p>\u2013 20:00 \u2013<\/p>\n<p><strong>Dinner reception hosted by the Portuguese Government with the presence of the Prime Minister at Picadeiro Real da Ajuda<\/strong><\/p>\n<p>&nbsp;<\/p>\n<p>&nbsp;<\/p>\n","protected":false},"excerpt":{"rendered":"<p>\u2013 9:00\u00a0\u2013 Opening Session Jo\u00e3o S\u00e0\u00e1gua Rector of Universidade NOVA de Lisboa Ricardo Robles Lisboa City Councillor for Education and Social Rights EleniTsetsekou Head of SOGI Unit of the Council of Europe Vera Jourov\u00e1 EU Commissioner of Justice, Consumers and Gender Equality (video message) Tine Claus Head of Unit of the Federal Unit for Equal [&hellip;]<\/p>\n","protected":false},"author":3,"featured_media":0,"parent":0,"menu_order":1,"comment_status":"closed","ping_status":"closed","template":"","meta":[],"_links":{"self":[{"href":"https:\/\/www.cig.gov.pt\/IDAHOT\/en\/wp-json\/wp\/v2\/pages\/133"}],"collection":[{"href":"https:\/\/www.cig.gov.pt\/IDAHOT\/en\/wp-json\/wp\/v2\/pages"}],"about":[{"href":"https:\/\/www.cig.gov.pt\/IDAHOT\/en\/wp-json\/wp\/v2\/types\/page"}],"author":[{"embeddable":true,"href":"https:\/\/www.cig.gov.pt\/IDAHOT\/en\/wp-json\/wp\/v2\/users\/3"}],"replies":[{"embeddable":true,"href":"https:\/\/www.cig.gov.pt\/IDAHOT\/en\/wp-json\/wp\/v2\/comments?post=133"}],"version-history":[{"count":18,"href":"https:\/\/www.cig.gov.pt\/IDAHOT\/en\/wp-json\/wp\/v2\/pages\/133\/revisions"}],"predecessor-version":[{"id":211,"href":"https:\/\/www.cig.gov.pt\/IDAHOT\/en\/wp-json\/wp\/v2\/pages\/133\/revisions\/211"}],"wp:attachment":[{"href":"https:\/\/www.cig.gov.pt\/IDAHOT\/en\/wp-json\/wp\/v2\/media?parent=133"}],"curies":[{"name":"wp","href":"https:\/\/api.w.org\/{rel}","templated":true}]}}